{"id":1775,"date":"2020-12-23T13:00:45","date_gmt":"2020-12-23T12:00:45","guid":{"rendered":"https:\/\/eabreinhausen.com\/?page_id=1775"},"modified":"2021-06-17T16:27:56","modified_gmt":"2021-06-17T14:27:56","slug":"eab-reinhausen-gmbh-detectores-de-metales","status":"publish","type":"page","link":"https:\/\/eabreinhausen.com\/es\/","title":{"rendered":"EAB Reinhausen GmbH"},"content":{"rendered":"<div class=\"row \"><div class=\"wpv-grid grid-1-1 upa-home1 wpv-first-level first unextended\" style=\"padding-top:0px;padding-bottom:0px\" id=\"wpv-column-81bce45b0f1a52d5bef15bcfaf634d1f\" ><div class=\"push\" style='height:30px'><\/div>\n<h1>Detectores de metales industriales fabricados en Alemania<\/h1>\n<p>En la industria con frecuencia se utilizan detectores de metales. Se trata de un equipo especializado con la ayuda del cual es posible detectar la presencia de inclusiones met\u00e1licas en las materias primas a procesar.<\/p>\n<p>Este tipo de instalaci\u00f3n y dispositivos m\u00f3viles se utilizan ampliamente para proteger las m\u00e1quinas e instalaciones industriales de da\u00f1os:<br \/>\nCon una pinza magn\u00e9tica o de forma manual se eliminan todos los fragmentos que contienen metales. Tener instalado detectores de metales en la producci\u00f3n puede aumentar significativamente la eficiencia y la calidad de trabajo y proteger contra aver\u00edas los equipos costosos.<\/p>\n<h2>Los detectores de metales de producci\u00f3n alemana EAB son una buena elecci\u00f3n<\/h2>\n<p>Nuestros equipos est\u00e1n instalados en medianas y grandes empresas de todo el mundo asegurando el funcionamiento confiable de manera interrumpida durante mucho tiempo. Los dispositivos est\u00e1n dise\u00f1ados para una amplia gama de aplicaciones y pueden detectar materias extra\u00f1as no deseadas y da\u00f1inas en las proximidades del mineral que contiene magnetita.<\/p>\n<div class=\"push\" style='height:10px'><\/div>\n<h2>Historia de nuestra empresa<\/h2>\n<p>Elektroanlagenbau Reinhausen fue fundada en 1978 gracias al esfuerzo conjunto de Gerhard Kassel y J\u00fcrgen Zimmermann y siempre ha sido conocida por sus detectores de metales industriales funcionales y de alta calidad.<\/p>\n<p>En los \u00faltimos 40 a\u00f1os, la empresa ha desarrollado una gama significativa de productos que incluye la fabricaci\u00f3n y el mantenimiento de dispositivos fiables para diferentes actividades industriales industriales.<\/p>\n<p>En mayo de 2018, el ingeniero Viktor Gerber tom\u00f3 el control de la empresa al adquirirla y m\u00e1s tarde la renombr\u00f3 como EAB Reinhausen GmbH.<\/div><\/div>\n","protected":false},"excerpt":{"rendered":"<p>Detectores de metales industriales fabricados en Alemania En la industria con frecuencia se utilizan detectores de metales. Se trata de un equipo especializado con la ayuda del cual es posible detectar la presencia de inclusiones met\u00e1licas en las materias primas a procesar. Este tipo de instalaci\u00f3n y dispositivos m\u00f3viles se utilizan ampliamente para proteger las&#8230;<\/p>\n","protected":false},"author":6,"featured_media":0,"parent":0,"menu_order":1,"comment_status":"closed","ping_status":"closed","template":"","meta":{"footnotes":""},"yst_prominent_words":[876,874,891,510,504,873,890,514,878,887,880,894,882,884,875,892,893,877,879,885],"class_list":["post-1775","page","type-page","status-publish","hentry"],"_links":{"self":[{"href":"https:\/\/eabreinhausen.com\/es\/wp-json\/wp\/v2\/pages\/1775","targetHints":{"allow":["GET"]}}],"collection":[{"href":"https:\/\/eabreinhausen.com\/es\/wp-json\/wp\/v2\/pages"}],"about":[{"href":"https:\/\/eabreinhausen.com\/es\/wp-json\/wp\/v2\/types\/page"}],"author":[{"embeddable":true,"href":"https:\/\/eabreinhausen.com\/es\/wp-json\/wp\/v2\/users\/6"}],"replies":[{"embeddable":true,"href":"https:\/\/eabreinhausen.com\/es\/wp-json\/wp\/v2\/comments?post=1775"}],"version-history":[{"count":6,"href":"https:\/\/eabreinhausen.com\/es\/wp-json\/wp\/v2\/pages\/1775\/revisions"}],"predecessor-version":[{"id":2205,"href":"https:\/\/eabreinhausen.com\/es\/wp-json\/wp\/v2\/pages\/1775\/revisions\/2205"}],"wp:attachment":[{"href":"https:\/\/eabreinhausen.com\/es\/wp-json\/wp\/v2\/media?parent=1775"}],"wp:term":[{"taxonomy":"yst_prominent_words","embeddable":true,"href":"https:\/\/eabreinhausen.com\/es\/wp-json\/wp\/v2\/yst_prominent_words?post=1775"}],"curies":[{"name":"wp","href":"https:\/\/api.w.org\/{rel}","templated":true}]}}