{"id":1787,"date":"2020-12-24T07:02:32","date_gmt":"2020-12-24T06:02:32","guid":{"rendered":"https:\/\/eabreinhausen.com\/?page_id=1787"},"modified":"2020-12-29T07:51:52","modified_gmt":"2020-12-29T06:51:52","slug":"sq-sqta","status":"publish","type":"page","link":"https:\/\/eabreinhausen.com\/es\/productos\/sq-sqta\/","title":{"rendered":"SQ \/ SQTA"},"content":{"rendered":"<ol>\n<li>Informaci\u00f3n b\u00e1sica<\/li>\n<\/ol>\n<p>Los detectores de metales de las series SQ (sonda \u00fanica) y SQTA (sonda en t\u00e1ndem) son dispositivos de protecci\u00f3n y control. Se utilizan en cualquier lugar donde existan restricciones en cuanto a cuerpos extra\u00f1os met\u00e1licos peligrosos y alarmantes, de tama\u00f1o peque\u00f1o o mediano (perciben desde una tuerca de acero M8) en las mercanc\u00edas transportadas.<br \/>\nNuestros detectores de metales evitan roturas, previenen interrupciones en el funcionamiento y permiten ahorrar significativamente en reparaciones.<\/p>\n<ol start=\"2\">\n<li>Funci\u00f3n<\/li>\n<\/ol>\n<p>La unidad de control genera tensi\u00f3n alterna de alta frecuencia. Llega al sensor a trav\u00e9s de un cable de conexi\u00f3n, se crea un campo electromagn\u00e9tico alterno que atraviesa la cinta transportadora y el material transportado. Si en este campo se detecta una pieza met\u00e1lica, se producen distorsiones que provocan una parada. El amplificador registra este cambio y conmuta el rel\u00e9 de salida durante 500 ms. El rel\u00e9 de salida cuenta con dos contactos de conmutaci\u00f3n libres de potencial, que se encuentran en una regleta\u00a0de terminales de f\u00e1cil acceso. La se\u00f1al de \u00abpresencia de metal\u00bb se puede procesar adicionalmente desde la regleta\u00a0de terminales, por ejemplo B para detener la cinta transportadora o controlar el PLC. El autocontrol incorporado comprueba constantemente si el detector de metales funciona correctamente. 3. Por ejemplo, en caso de rotura del cable de uni\u00f3n al sensor o en caso de fallo del circuito, en la unidad de control se conmuta el segundo rel\u00e9 de salida, cuyo contacto libre de potencial tambi\u00e9n est\u00e1 presente en la regleta\u00a0de terminales. El mensaje de presencia de metal se puede simular usando el bot\u00f3n de control de funciones. Esto permite que sea r\u00e1pido y f\u00e1cil verificar los controles conectados al detector de metales. La puesta en servicio de los detectores de metales EAB SQ y SQTA es tan sencilla como la instalaci\u00f3n: una vez que se establece la sensibilidad deseada, no se requieren m\u00e1s regulaciones o ajustes. Los dispositivos se adaptan de forma totalmente autom\u00e1tica a las condiciones de funcionamiento existentes.<\/p>\n<ol start=\"3\">\n<li>Dise\u00f1o<\/li>\n<\/ol>\n<p>El detector de metales est\u00e1 compuesto por una sonda y una unidad de control. Ambos componentes est\u00e1n unidos entre s\u00ed mediante un cable de conexi\u00f3n. La sonda est\u00e1 fundida de manera compacta en una placa de polietileno s\u00f3lida y se fabrica seg\u00fan el ancho de la cinta transportadora. El montaje en la cinta transportadora es r\u00e1pido y sencillo. Hay disponibles sondas \u00fanicas y en t\u00e1ndem. La sonda \u00fanica de cremallera se fija debajo de la cinta transportadora. Por el contrario, la sonda en t\u00e1ndem consta de dos placas de sonda fijadas con espaciadores, una montada debajo de la cinta transportadora y la otra encima de la cinta transportadora. La sonda en t\u00e1ndem se recomienda especialmente para elevadas alturas de descarga o cunado se exigen requisitos de alta sensibilidad. Los espaciadores de la sonda en t\u00e1ndem se fabrican seg\u00fan la altura de descarga. Una sonda \u00fanica tambi\u00e9n se puede convertir en una sonda en t\u00e1ndem despu\u00e9s: la sonda y los dos espaciadores simplemente se deben reordenar y volver a ensamblar.<\/p>\n<ol start=\"4\">\n<li>Ventajas<\/li>\n<\/ol>\n<ul>\n<li>Auto equilibrio<\/li>\n<li>Montaje muy sencillo<\/li>\n<li>Ausencia de \u00f3xido de hierro o mineral (opci\u00f3n especial), lo cual es muy importante para algunos tipos de productos que se transportan, como por ejemplo, magnetita, basalto, hematita y otros materiales que son 100% magnetizables.<\/li>\n<li>Indica los metales FE y NF<\/li>\n<li>Control autom\u00e1tico<\/li>\n<li>Puede utilizarse cerca de convertidores de frecuencia.<\/li>\n<li>La distancia m\u00ednima desde el sensor hasta los motores y los imanes es de solo 1.5 metros en espacio libre.<\/li>\n<li>Sonda estable y resistente a las vibraciones, resistente a las condiciones clim\u00e1ticas, a la suciedad y a las piedras trituradas<\/li>\n<\/ul>\n<p><img loading=\"lazy\" decoding=\"async\" class=\"size-full wp-image-1363 alignleft\" src=\"https:\/\/eabreinhausen.com\/wp-content\/uploads\/3.png\" alt=\"SQ \/ SQTA\" width=\"403\" height=\"304\" srcset=\"https:\/\/eabreinhausen.com\/wp-content\/uploads\/3.png 403w, https:\/\/eabreinhausen.com\/wp-content\/uploads\/3-400x302.png 400w, https:\/\/eabreinhausen.com\/wp-content\/uploads\/3-292x220.png 292w\" sizes=\"auto, (max-width: 403px) 100vw, 403px\" \/><\/p>\n<p><img loading=\"lazy\" decoding=\"async\" class=\"size-full wp-image-1366 alignleft\" src=\"https:\/\/eabreinhausen.com\/wp-content\/uploads\/4.png\" alt=\"SQ \/ SQTA\" width=\"407\" height=\"306\" srcset=\"https:\/\/eabreinhausen.com\/wp-content\/uploads\/4.png 407w, https:\/\/eabreinhausen.com\/wp-content\/uploads\/4-400x301.png 400w, https:\/\/eabreinhausen.com\/wp-content\/uploads\/4-292x220.png 292w\" sizes=\"auto, (max-width: 407px) 100vw, 407px\" \/><\/p>\n","protected":false},"excerpt":{"rendered":"<p>Informaci\u00f3n b\u00e1sica Los detectores de metales de las series SQ (sonda \u00fanica) y SQTA (sonda en t\u00e1ndem) son dispositivos de protecci\u00f3n y control. Se utilizan en cualquier lugar donde existan restricciones en cuanto a cuerpos extra\u00f1os met\u00e1licos peligrosos y alarmantes, de tama\u00f1o peque\u00f1o o mediano (perciben desde una tuerca de acero M8) en las mercanc\u00edas&#8230;<\/p>\n","protected":false},"author":6,"featured_media":0,"parent":1779,"menu_order":0,"comment_status":"closed","ping_status":"closed","template":"","meta":{"footnotes":""},"yst_prominent_words":[931,929,924,912,910,906,934,927,930,919,933,913,926,928,909,908,911,907,925,932],"class_list":["post-1787","page","type-page","status-publish","hentry"],"_links":{"self":[{"href":"https:\/\/eabreinhausen.com\/es\/wp-json\/wp\/v2\/pages\/1787","targetHints":{"allow":["GET"]}}],"collection":[{"href":"https:\/\/eabreinhausen.com\/es\/wp-json\/wp\/v2\/pages"}],"about":[{"href":"https:\/\/eabreinhausen.com\/es\/wp-json\/wp\/v2\/types\/page"}],"author":[{"embeddable":true,"href":"https:\/\/eabreinhausen.com\/es\/wp-json\/wp\/v2\/users\/6"}],"replies":[{"embeddable":true,"href":"https:\/\/eabreinhausen.com\/es\/wp-json\/wp\/v2\/comments?post=1787"}],"version-history":[{"count":2,"href":"https:\/\/eabreinhausen.com\/es\/wp-json\/wp\/v2\/pages\/1787\/revisions"}],"predecessor-version":[{"id":2017,"href":"https:\/\/eabreinhausen.com\/es\/wp-json\/wp\/v2\/pages\/1787\/revisions\/2017"}],"up":[{"embeddable":true,"href":"https:\/\/eabreinhausen.com\/es\/wp-json\/wp\/v2\/pages\/1779"}],"wp:attachment":[{"href":"https:\/\/eabreinhausen.com\/es\/wp-json\/wp\/v2\/media?parent=1787"}],"wp:term":[{"taxonomy":"yst_prominent_words","embeddable":true,"href":"https:\/\/eabreinhausen.com\/es\/wp-json\/wp\/v2\/yst_prominent_words?post=1787"}],"curies":[{"name":"wp","href":"https:\/\/api.w.org\/{rel}","templated":true}]}}