{"id":1791,"date":"2020-12-24T07:02:29","date_gmt":"2020-12-24T06:02:29","guid":{"rendered":"https:\/\/eabreinhausen.com\/?page_id=1791"},"modified":"2020-12-29T07:52:05","modified_gmt":"2020-12-29T06:52:05","slug":"sc-scta","status":"publish","type":"page","link":"https:\/\/eabreinhausen.com\/es\/productos\/sc-scta\/","title":{"rendered":"SC \/ SCTA"},"content":{"rendered":"<ol>\n<li>Informaci\u00f3n b\u00e1sica<\/li>\n<\/ol>\n<p>Los detectores de metales de la serie SC (con sonda \u00fanica), SCTA (con sonda en t\u00e1ndem) registran todos los metales ferrosos y no ferrosos (perciben desde una tuerca de acero M4) en los productos transportados y se distinguen por tener una alta sensibilidad.<\/p>\n<p>sto equivale a: menores costos y mayor productividad debido a la protecci\u00f3n \u00f3ptima de los equipos sensibles.<\/p>\n<ol start=\"2\">\n<li>Funci\u00f3n<\/li>\n<\/ol>\n<p>La unidad de control alimenta la sonda con tensi\u00f3n con corriente alterna de alta frecuencia. El campo electromagn\u00e9tico se genera perpendicularmente a la cara polar de la sonda, cuyas l\u00edneas atraviesan el material transportado. Solo las partes met\u00e1licas, incluidas las incrustadas en el material transportado, cambian la curvatura y la amortiguaci\u00f3n de las l\u00edneas de fuerza. La se\u00f1al de medici\u00f3n obtenida obliga al rel\u00e9 de salida a informar en el transcurso de 0.5 segundos sobre la presencia de metal. El tama\u00f1o del metal al que tiene que reaccionar el detector puede ajustarse gradualmente. La autocomprobaci\u00f3n incorporada verifica constantemente si el detector de metales funciona correctamente. 3. Si, por ejemplo, el cable de conexi\u00f3n se interrumpe o falla un componente electr\u00f3nico en la unidad de control, el segundo rel\u00e9 de salida indica el fallo esperado. El bot\u00f3n de control de funciones incorporado simula las piezas met\u00e1licas. Esto permite verificar r\u00e1pida y f\u00e1cilmente la funcionalidad del detector hasta el control conectado.<\/p>\n<ol start=\"3\">\n<li>Dise\u00f1o<\/li>\n<\/ol>\n<p>El detector de metales est\u00e1 compuesto por una sonda y una unidad de control. Ambos componentes est\u00e1n unidos entre s\u00ed mediante dos cables de conexi\u00f3n. La sonda est\u00e1 fundida de manera compacta en una placa de polietileno s\u00f3lida y se fabrica seg\u00fan el ancho de la cinta transportadora. El montaje en la cinta transportadora es r\u00e1pido y sencillo. Hay disponibles sondas \u00fanicas y en t\u00e1ndem. La sonda \u00fanica de cremallera se fija debajo de la cinta transportadora. Por el contrario, la sonda en t\u00e1ndem consta de dos placas de sonda fijadas con espaciadores, una montada debajo de la cinta transportadora y la otra encima de la cinta transportadora. La sonda en t\u00e1ndem se recomienda especialmente para elevadas alturas de descarga o cunado se exigen requisitos de alta sensibilidad. Los espaciadores de la sonda en t\u00e1ndem se fabrican seg\u00fan la altura de descarga. Una sonda \u00fanica tambi\u00e9n se puede convertir en una sonda en t\u00e1ndem despu\u00e9s: la sonda y los dos espaciadores simplemente se deben reordenar y volver a ensamblar.<\/p>\n<ol start=\"4\">\n<li>Ventajas<\/li>\n<\/ol>\n<ul>\n<li>Construcci\u00f3n duradera y resistente a las vibraciones<\/li>\n<li>Instalaci\u00f3n f\u00e1cil y r\u00e1pida debajo o encima de la cinta transportadora<\/li>\n<li>Identifica los metales ferrosos y no ferrosos<\/li>\n<li>Opci\u00f3n separada y cerrada de la sonda<\/li>\n<li>Las dimensiones de la sonda coinciden con la cinta transportadora<\/li>\n<li>Dise\u00f1o especial que compensa las propiedades de los materiales poco magn\u00e9ticos tales como: coque, papel de aluminio y otros materiales con segmentos conductores.<\/li>\n<li>Materiales resistentes en la fabricaci\u00f3n de la sonda<\/li>\n<li>Pantalla integrada para el control de funciones<\/li>\n<li>Bot\u00f3n de autocontrol autom\u00e1tico y gesti\u00f3n de funciones<\/li>\n<\/ul>\n<p><img loading=\"lazy\" decoding=\"async\" class=\"wp-image-1356 alignleft\" src=\"https:\/\/eabreinhausen.com\/wp-content\/uploads\/1.png\" alt=\"\" width=\"400\" height=\"222\" srcset=\"https:\/\/eabreinhausen.com\/wp-content\/uploads\/1.png 549w, https:\/\/eabreinhausen.com\/wp-content\/uploads\/1-400x222.png 400w, https:\/\/eabreinhausen.com\/wp-content\/uploads\/1-292x162.png 292w\" sizes=\"auto, (max-width: 400px) 100vw, 400px\" \/><\/p>\n<p><img loading=\"lazy\" decoding=\"async\" class=\"wp-image-1359 alignleft\" src=\"https:\/\/eabreinhausen.com\/wp-content\/uploads\/2.png\" alt=\"\" width=\"400\" height=\"301\" srcset=\"https:\/\/eabreinhausen.com\/wp-content\/uploads\/2.png 507w, https:\/\/eabreinhausen.com\/wp-content\/uploads\/2-400x301.png 400w, https:\/\/eabreinhausen.com\/wp-content\/uploads\/2-292x219.png 292w\" sizes=\"auto, (max-width: 400px) 100vw, 400px\" \/><\/p>\n","protected":false},"excerpt":{"rendered":"<p>Informaci\u00f3n b\u00e1sica Los detectores de metales de la serie SC (con sonda \u00fanica), SCTA (con sonda en t\u00e1ndem) registran todos los metales ferrosos y no ferrosos (perciben desde una tuerca de acero M4) en los productos transportados y se distinguen por tener una alta sensibilidad. sto equivale a: menores costos y mayor productividad debido a&#8230;<\/p>\n","protected":false},"author":6,"featured_media":0,"parent":1779,"menu_order":0,"comment_status":"closed","ping_status":"closed","template":"","meta":{"footnotes":""},"yst_prominent_words":[931,777,929,924,950,934,927,942,953,930,919,939,926,928,909,951,948,952,949,925],"class_list":["post-1791","page","type-page","status-publish","hentry"],"_links":{"self":[{"href":"https:\/\/eabreinhausen.com\/es\/wp-json\/wp\/v2\/pages\/1791","targetHints":{"allow":["GET"]}}],"collection":[{"href":"https:\/\/eabreinhausen.com\/es\/wp-json\/wp\/v2\/pages"}],"about":[{"href":"https:\/\/eabreinhausen.com\/es\/wp-json\/wp\/v2\/types\/page"}],"author":[{"embeddable":true,"href":"https:\/\/eabreinhausen.com\/es\/wp-json\/wp\/v2\/users\/6"}],"replies":[{"embeddable":true,"href":"https:\/\/eabreinhausen.com\/es\/wp-json\/wp\/v2\/comments?post=1791"}],"version-history":[{"count":1,"href":"https:\/\/eabreinhausen.com\/es\/wp-json\/wp\/v2\/pages\/1791\/revisions"}],"predecessor-version":[{"id":1794,"href":"https:\/\/eabreinhausen.com\/es\/wp-json\/wp\/v2\/pages\/1791\/revisions\/1794"}],"up":[{"embeddable":true,"href":"https:\/\/eabreinhausen.com\/es\/wp-json\/wp\/v2\/pages\/1779"}],"wp:attachment":[{"href":"https:\/\/eabreinhausen.com\/es\/wp-json\/wp\/v2\/media?parent=1791"}],"wp:term":[{"taxonomy":"yst_prominent_words","embeddable":true,"href":"https:\/\/eabreinhausen.com\/es\/wp-json\/wp\/v2\/yst_prominent_words?post=1791"}],"curies":[{"name":"wp","href":"https:\/\/api.w.org\/{rel}","templated":true}]}}