{"id":1795,"date":"2020-12-23T13:20:26","date_gmt":"2020-12-23T12:20:26","guid":{"rendered":"https:\/\/eabreinhausen.com\/?page_id=1795"},"modified":"2020-12-29T07:52:16","modified_gmt":"2020-12-29T06:52:16","slug":"psq-ra","status":"publish","type":"page","link":"https:\/\/eabreinhausen.com\/es\/productos\/psq-ra\/","title":{"rendered":"PSQ RA"},"content":{"rendered":"<ol>\n<li>Informaci\u00f3n b\u00e1sica<\/li>\n<\/ol>\n<p>Los detectores de metales de la serie PSQ \/ RA (con sensor de marco) y PSQ \/ RO (sensor inferior de cinta) detectan todo tipo de metales, incluidos aluminio, acero VA, cobre y hierro forjado. Los dispositivos se caracterizan por una sensibilidad pr\u00e1cticamente uniforme en la capa de material. El tama\u00f1o de las inclusiones met\u00e1licas es de mediano a grande (desde el tama\u00f1o de una tuerca de acero \u041c40)<\/p>\n<p>El uso de estos detectores de metales permite reducir los gastos al proporcionar una protecci\u00f3n mejorada para los dispositivos y m\u00e1quinas sensibles.<\/p>\n<ol start=\"2\">\n<li>Funci\u00f3n<\/li>\n<\/ol>\n<p>Un campo electromagn\u00e9tico alterno atraviesa la cinta transportadora y el material transportado. Cuando una pieza met\u00e1lica entra en este campo, se forman distorsiones que conducen a una parada. El amplificador registra este cambio y permite que el rel\u00e9 de compensaci\u00f3n se active en tan solo 0.5 segundos. Seguidamente, el rel\u00e9 est\u00e1 listo para recibir m\u00e1s mensajes de presencia de metal. El tama\u00f1o de las piezas met\u00e1licas se puede ajustar de manera gradual.<\/p>\n<ol start=\"3\">\n<li>Dise\u00f1o<\/li>\n<\/ol>\n<p>El detector de metales est\u00e1 compuesto por una sonda y una unidad de control. Ambos componentes est\u00e1n conectados entre s\u00ed mediante un cable coaxial. La unidad de control est\u00e1 compuesta por nodos electr\u00f3nicos y elementos de control. Est\u00e1n ordenadamente ubicados en el panel frontal y son accesibles despu\u00e9s de abrir la puerta del cuadro de distribuci\u00f3n. La carcasa de la unidad est\u00e1 preparada para el montaje en la pared. La sonda en forma de marco est\u00e1 disponible en varias opciones. El marco de la sonda es divisible, no es necesario cortar la cinta transportadora. El montaje de la estructura de la cinta transportadora es muy sencillo y se realiza en un plazo corto. Materiales de alta resistencia como poliamida, polietileno y V2A garantizan la fiabilidad y durabilidad.<\/p>\n<ol start=\"4\">\n<li>Ventajas<\/li>\n<\/ol>\n<ul>\n<li>Construcci\u00f3n duradera y resistente a las vibraciones<\/li>\n<li>Materiales resistentes en la fabricaci\u00f3n de la sonda<\/li>\n<li>Pantalla integrada para el control de funciones<\/li>\n<li>Sonda extra\u00edble, sin necesidad de cortar la cinta transportadora<\/li>\n<li>Montaje sencillo y r\u00e1pido sobre la cinta transportadora.<\/li>\n<li>Confiable incluso en presencia de convertidores de frecuencia y radios comerciales<\/li>\n<li>Sensibilidad de respuesta uniforme en el campo de medici\u00f3n<\/li>\n<\/ul>\n<div style=\"float: left;\">\n<p class=\"western\"><span style=\"color: #000000;\"><span style=\"font-family: Futura, serif;\"><span style=\"font-size: small;\"><b>PSQ\/RA:<\/b><\/span><\/span><\/span><\/p>\n<p><img loading=\"lazy\" decoding=\"async\" class=\"alignleft wp-image-1322\" src=\"https:\/\/eabreinhausen.com\/wp-content\/uploads\/1.jpg\" alt=\"\" width=\"400\" height=\"300\" srcset=\"https:\/\/eabreinhausen.com\/wp-content\/uploads\/1.jpg 1024w, https:\/\/eabreinhausen.com\/wp-content\/uploads\/1-768x576.jpg 768w, https:\/\/eabreinhausen.com\/wp-content\/uploads\/1-615x461.jpg 615w, https:\/\/eabreinhausen.com\/wp-content\/uploads\/1-400x300.jpg 400w, https:\/\/eabreinhausen.com\/wp-content\/uploads\/1-292x219.jpg 292w\" sizes=\"auto, (max-width: 400px) 100vw, 400px\" \/><\/p>\n<\/div>\n<div style=\"float: left;\">\n<p class=\"western\"><span style=\"color: #000000;\"><span style=\"font-family: Futura, serif;\"><span style=\"font-size: small;\"><b>PSQ\/RO:<\/b><\/span><\/span><\/span><\/p>\n<p><img loading=\"lazy\" decoding=\"async\" class=\"alignleft wp-image-1325\" src=\"https:\/\/eabreinhausen.com\/wp-content\/uploads\/2.jpg\" alt=\"\" width=\"400\" height=\"300\" srcset=\"https:\/\/eabreinhausen.com\/wp-content\/uploads\/2.jpg 783w, https:\/\/eabreinhausen.com\/wp-content\/uploads\/2-768x576.jpg 768w, https:\/\/eabreinhausen.com\/wp-content\/uploads\/2-615x461.jpg 615w, https:\/\/eabreinhausen.com\/wp-content\/uploads\/2-400x300.jpg 400w, https:\/\/eabreinhausen.com\/wp-content\/uploads\/2-292x219.jpg 292w\" sizes=\"auto, (max-width: 400px) 100vw, 400px\" \/><\/p>\n<\/div>\n","protected":false},"excerpt":{"rendered":"<p>Informaci\u00f3n b\u00e1sica Los detectores de metales de la serie PSQ \/ RA (con sensor de marco) y PSQ \/ RO (sensor inferior de cinta) detectan todo tipo de metales, incluidos aluminio, acero VA, cobre y hierro forjado. Los dispositivos se caracterizan por una sensibilidad pr\u00e1cticamente uniforme en la capa de material. El tama\u00f1o de las&#8230;<\/p>\n","protected":false},"author":6,"featured_media":0,"parent":1779,"menu_order":0,"comment_status":"closed","ping_status":"closed","template":"","meta":{"footnotes":""},"yst_prominent_words":[931,963,962,935,777,950,960,874,504,873,878,930,919,939,958,961,954,957,918,964],"class_list":["post-1795","page","type-page","status-publish","hentry"],"_links":{"self":[{"href":"https:\/\/eabreinhausen.com\/es\/wp-json\/wp\/v2\/pages\/1795","targetHints":{"allow":["GET"]}}],"collection":[{"href":"https:\/\/eabreinhausen.com\/es\/wp-json\/wp\/v2\/pages"}],"about":[{"href":"https:\/\/eabreinhausen.com\/es\/wp-json\/wp\/v2\/types\/page"}],"author":[{"embeddable":true,"href":"https:\/\/eabreinhausen.com\/es\/wp-json\/wp\/v2\/users\/6"}],"replies":[{"embeddable":true,"href":"https:\/\/eabreinhausen.com\/es\/wp-json\/wp\/v2\/comments?post=1795"}],"version-history":[{"count":1,"href":"https:\/\/eabreinhausen.com\/es\/wp-json\/wp\/v2\/pages\/1795\/revisions"}],"predecessor-version":[{"id":1798,"href":"https:\/\/eabreinhausen.com\/es\/wp-json\/wp\/v2\/pages\/1795\/revisions\/1798"}],"up":[{"embeddable":true,"href":"https:\/\/eabreinhausen.com\/es\/wp-json\/wp\/v2\/pages\/1779"}],"wp:attachment":[{"href":"https:\/\/eabreinhausen.com\/es\/wp-json\/wp\/v2\/media?parent=1795"}],"wp:term":[{"taxonomy":"yst_prominent_words","embeddable":true,"href":"https:\/\/eabreinhausen.com\/es\/wp-json\/wp\/v2\/yst_prominent_words?post=1795"}],"curies":[{"name":"wp","href":"https:\/\/api.w.org\/{rel}","templated":true}]}}