{"id":1799,"date":"2020-12-24T07:02:38","date_gmt":"2020-12-24T06:02:38","guid":{"rendered":"https:\/\/eabreinhausen.com\/?page_id=1799"},"modified":"2023-11-24T08:14:44","modified_gmt":"2023-11-24T07:14:44","slug":"industria","status":"publish","type":"page","link":"https:\/\/eabreinhausen.com\/es\/industria\/","title":{"rendered":"Industria"},"content":{"rendered":"<div class=\"row \"><div class=\"wpv-grid grid-1-1 equal-height wpv-first-level first unextended\" style=\"padding-top:0px;padding-bottom:0px\" id=\"wpv-column-78dd5fe4e97855ea762029a9f8f97c16\" ><div class=\"row \"><div class=\"wpv-grid grid-2-5 panel-1 first has-background unextended\" style=\"\n\t\t\t\tbackground: url( 'https:\/\/eabreinhausen.com\/wp-content\/uploads\/roter-hintergrund.jpg' )  ;\n\t\t\t\tbackground-size: auto;\n\t\t\t\tbackground-attachment: ;\n\t\t\tpadding-top:0px;padding-bottom:0px\" id=\"wpv-column-77ccee1d188acca5387c0b43c5a41bc3\" ><div class=\"row \"><div class=\"wpv-grid grid-1-1  first unextended\" style=\"padding-top:0px;padding-bottom:0px\" id=\"wpv-column-86afc1238d00faf94e4cfcbc4e337662\" >\t\t<h2 class=\"text-divider-double\">\t\t\tDetectores de metales para la extracci\u00f3n y procesamiento de carb\u00f3n\t\t<\/h2>\t\t<div class=\"sep\"><\/div>\t<p>La extracci\u00f3n y el procesamiento de carb\u00f3n requieren un gran esfuerzo t\u00e9cnico, ya que constantemente se llevan a cabo trabajos de reparaci\u00f3n y actualizaci\u00f3n de los diferentes equipos. La inclusi\u00f3n de todo tipo de objetos met\u00e1licos puede causar infinidad de da\u00f1os a todo el sistema tecnol\u00f3gico. Nuestros dispositivos proporcionan un reconocimiento oportuno de los objetos met\u00e1licos extra\u00f1os y emiten diferentes se\u00f1ales de alarma.<\/p>\n<p>En este sector tenemos muchos clientes alemanes y extranjeros, incluida la muy conocida empresa alemana RWE Group.<\/p>\n<p>En dependencia de los requisitos, se pueden usar los siguientes dispositivos:<\/p>\n<ul>\n<li>UDLC-Q (TA)<\/li>\n<li><span style=\"color: #ffffff;\"><a style=\"color: #ffffff;\" href=\"https:\/\/eabreinhausen.com\/ru\/produkty\/sq-sqta\/\">SQ (TA)<\/a><\/span><\/li>\n<li><span style=\"color: #ffffff;\"><a style=\"color: #ffffff;\" href=\"https:\/\/eabreinhausen.com\/ru\/produkty\/sc-scta\/\">SC (TA)<\/a><\/span><\/li>\n<li><span style=\"color: #ffffff;\"><a style=\"color: #ffffff;\" href=\"https:\/\/eabreinhausen.com\/ru\/produkty\/psq-ra\/\">PSQ RA<\/a><\/span><\/li>\n<\/ul><\/div><\/div><\/div>\n<div class=\"wpv-grid grid-3-5 panel-2 unextended\" style=\"padding-top:0px;padding-bottom:0px\" id=\"use-1\" ><p><img loading=\"lazy\" decoding=\"async\" class=\"alignnone wp-image-2227 size-full\" src=\"https:\/\/eabreinhausen.com\/wp-content\/uploads\/kohlefoerderung-2.jpg\" alt=\"\" width=\"715\" height=\"576\" srcset=\"https:\/\/eabreinhausen.com\/wp-content\/uploads\/kohlefoerderung-2.jpg 715w, https:\/\/eabreinhausen.com\/wp-content\/uploads\/kohlefoerderung-2-615x495.jpg 615w, https:\/\/eabreinhausen.com\/wp-content\/uploads\/kohlefoerderung-2-400x322.jpg 400w, https:\/\/eabreinhausen.com\/wp-content\/uploads\/kohlefoerderung-2-292x235.jpg 292w\" sizes=\"auto, (max-width: 715px) 100vw, 715px\" \/><\/div><\/div><\/div><\/div>\n<div class=\"row \"><div class=\"wpv-grid grid-1-1 divider-mobil wpv-first-level first unextended\" style=\"padding-top:0px;padding-bottom:0px\" id=\"wpv-column-ed5c99e5ff61828a394382e1ad32fc6b\" ><div class=\"sep\"><\/div><\/div><\/div>\n<div class=\"row \"><div class=\"wpv-grid grid-1-1 equal-height wpv-first-level first unextended\" style=\"padding-top:0px;padding-bottom:0px\" id=\"wpv-column-bfd774447ea897a263a2aa0fa6744025\" ><div class=\"row \"><div class=\"wpv-grid grid-2-5 panel-1 first has-background unextended\" style=\"\n\t\t\t\tbackground: url( 'https:\/\/eabreinhausen.com\/wp-content\/uploads\/roter-hintergrund.jpg' )  ;\n\t\t\t\tbackground-size: auto;\n\t\t\t\tbackground-attachment: ;\n\t\t\tpadding-top:0px;padding-bottom:0px\" id=\"wpv-column-6e9372b51d97ad8ca758bca40d07acce\" ><div class=\"row \"><div class=\"wpv-grid grid-1-1  first unextended\" style=\"padding-top:0px;padding-bottom:0px\" id=\"wpv-column-7a1a18658f130270e86b5e40d584074b\" >\t\t<h2 class=\"text-divider-double\">\t\t\tDetectores de metales en la producci\u00f3n de materiales de construcci\u00f3n\t\t<\/h2>\t\t<div class=\"sep\"><\/div>\t<p>Las f\u00e1bricas de grava, f\u00e1bricas de ladrillo y las canteras aprovechan nuestros servicios desde hace mucho tiempo. Nuestros dispositivos son particularmente rentables porque son f\u00e1ciles de operar, seguros y cuentan con amplia asistencia t\u00e9cnica.<\/p>\n<p>En dependencia de los requisitos, se pueden usar los siguientes dispositivos:<\/p>\n<ul>\n<li>UDLC-Q (TA)<\/li>\n<li><span style=\"color: #ffffff;\"><a style=\"color: #ffffff;\" href=\"https:\/\/eabreinhausen.com\/ru\/produkty\/sq-sqta\/\">SQ (TA)<\/a><\/span><\/li>\n<li><span style=\"color: #ffffff;\"><a style=\"color: #ffffff;\" href=\"https:\/\/eabreinhausen.com\/ru\/produkty\/psq-ra\/\">PSQ RA<\/a><\/span><\/li>\n<\/ul><\/div><\/div><\/div>\n<div class=\"wpv-grid grid-3-5 panel-2 unextended\" style=\"padding-top:0px;padding-bottom:0px\" id=\"wpv-column-6df83e94ef9580dcca1c076a7b7230b4\" ><p><img loading=\"lazy\" decoding=\"async\" class=\"aligncenter size-full wp-image-225\" src=\"https:\/\/eabreinhausen.com\/wp-content\/uploads\/steine.jpg\" alt=\"\" width=\"800\" height=\"534\" srcset=\"https:\/\/eabreinhausen.com\/wp-content\/uploads\/steine.jpg 800w, https:\/\/eabreinhausen.com\/wp-content\/uploads\/steine-300x200.jpg 300w, https:\/\/eabreinhausen.com\/wp-content\/uploads\/steine-768x513.jpg 768w, https:\/\/eabreinhausen.com\/wp-content\/uploads\/steine-615x410.jpg 615w, https:\/\/eabreinhausen.com\/wp-content\/uploads\/steine-400x266.jpg 400w, https:\/\/eabreinhausen.com\/wp-content\/uploads\/steine-292x195.jpg 292w\" sizes=\"auto, (max-width: 800px) 100vw, 800px\" \/><\/div><\/div><\/div><\/div>\n<div class=\"row \"><div class=\"wpv-grid grid-1-1 divider-mobil wpv-first-level first unextended\" style=\"padding-top:0px;padding-bottom:0px\" id=\"wpv-column-9959ad68d45035e1f64ffdd0c46fabc6\" ><div class=\"sep\"><\/div><\/div><\/div>\n<div class=\"row \"><div class=\"wpv-grid grid-1-1 equal-height wpv-first-level first unextended\" style=\"padding-top:0px;padding-bottom:0px\" id=\"wpv-column-0bca77d194665be51601fcdb13e40383\" ><div class=\"row \"><div class=\"wpv-grid grid-2-5 panel-1 first has-background unextended\" style=\"\n\t\t\t\tbackground: url( 'https:\/\/eabreinhausen.com\/wp-content\/uploads\/roter-hintergrund.jpg' )  ;\n\t\t\t\tbackground-size: auto;\n\t\t\t\tbackground-attachment: ;\n\t\t\tpadding-top:0px;padding-bottom:0px\" id=\"wpv-column-98a0208b136814a8057daa58d9034947\" ><div class=\"row \"><div class=\"wpv-grid grid-1-1  first unextended\" style=\"padding-top:0px;padding-bottom:0px\" id=\"wpv-column-39313eb4d675cd4584545501640dd3a3\" >\t\t<h2 class=\"text-divider-double\">\t\t\tDetectores de metales para miner\u00eda y extracci\u00f3n de carb\u00f3n\t\t<\/h2>\t\t<div class=\"sep\"><\/div>\t<p>Muchos de nuestros dispositivos se usan en este sector porque el efecto de la magnetita puede suprimirse por completo y porque nuestros productos pueden funcionar varias d\u00e9cadas en condiciones extremadamente dif\u00edciles.<\/p>\n<p>En dependencia de los requisitos, se pueden usar los siguientes dispositivos:<\/p>\n<ul>\n<li>UDLC-Q (TA) \/ FT<\/li>\n<li><span style=\"color: #ffffff;\"><a style=\"color: #ffffff;\" href=\"https:\/\/eabreinhausen.com\/ru\/produkty\/sq-sqta\/\">SQ (TA) \/ FT<\/a><\/span><\/li>\n<li><span style=\"color: #ffffff;\"><a style=\"color: #ffffff;\" href=\"https:\/\/eabreinhausen.com\/ru\/produkty\/psq-ra\/\">PSQ RA<\/a><\/span><\/li>\n<\/ul><\/div><\/div><\/div>\n<div class=\"wpv-grid grid-3-5 panel-2 unextended\" style=\"padding-top:0px;padding-bottom:0px\" id=\"wpv-column-b05e69925d3343a2673e33a567ff66b5\" ><p><img loading=\"lazy\" decoding=\"async\" class=\"aligncenter size-large wp-image-228\" src=\"https:\/\/eabreinhausen.com\/wp-content\/uploads\/\/bergbau-1024x682.jpg\" alt=\"\" width=\"1024\" height=\"682\" srcset=\"https:\/\/eabreinhausen.com\/wp-content\/uploads\/bergbau-1024x682.jpg 1024w, https:\/\/eabreinhausen.com\/wp-content\/uploads\/bergbau-300x200.jpg 300w, https:\/\/eabreinhausen.com\/wp-content\/uploads\/bergbau-768x512.jpg 768w, https:\/\/eabreinhausen.com\/wp-content\/uploads\/bergbau-615x410.jpg 615w, https:\/\/eabreinhausen.com\/wp-content\/uploads\/bergbau-400x266.jpg 400w, https:\/\/eabreinhausen.com\/wp-content\/uploads\/bergbau-292x195.jpg 292w, https:\/\/eabreinhausen.com\/wp-content\/uploads\/bergbau.jpg 1100w\" sizes=\"auto, (max-width: 1024px) 100vw, 1024px\" \/><\/div><\/div><\/div><\/div>\n<div class=\"row \"><div class=\"wpv-grid grid-1-1 divider-mobil wpv-first-level first unextended\" style=\"padding-top:0px;padding-bottom:0px\" id=\"wpv-column-8043ef0dd8762953251dc08a76862db4\" ><div class=\"sep\"><\/div><\/div><\/div>\n<div class=\"row \"><div class=\"wpv-grid grid-1-1 equal-height wpv-first-level first unextended\" style=\"padding-top:0px;padding-bottom:0px\" id=\"wpv-column-d23d2a70b8c0eb1d66d01feaffab1199\" ><div class=\"row \"><div class=\"wpv-grid grid-2-5 panel-1 first has-background unextended\" style=\"\n\t\t\t\tbackground: url( 'https:\/\/eabreinhausen.com\/wp-content\/uploads\/roter-hintergrund.jpg' )  ;\n\t\t\t\tbackground-size: auto;\n\t\t\t\tbackground-attachment: ;\n\t\t\tpadding-top:0px;padding-bottom:0px\" id=\"wpv-column-f9c21256c9853771f15d1566019331c2\" ><div class=\"row \"><div class=\"wpv-grid grid-1-1  first unextended\" style=\"padding-top:0px;padding-bottom:0px\" id=\"wpv-column-99ddec1108702b5f5891ffed425038eb\" >\t\t<h2 class=\"text-divider-double\">\t\t\tDetectores de metales para el procesamiento de desechos\t\t<\/h2>\t\t<div class=\"sep\"><\/div>\t<p>La industria del reciclaje de desechos se est\u00e1 expandiendo r\u00e1pidamente y requiere una detecci\u00f3n de metales precisa y efectiva. Podemos ofrecer las siguientes opciones:<\/p>\n<p>Para detectar todos los materiales magnetizables y conductores en una capa de hasta 1 m de altura:<\/p>\n<ul>\n<li><span style=\"color: #ffffff;\"><a style=\"color: #ffffff;\" href=\"https:\/\/eabreinhausen.com\/ru\/produkty\/psq-ra\/\">PSQ RA<\/a><\/span><\/li>\n<li><span style=\"color: #ffffff;\"><a style=\"color: #ffffff;\" href=\"https:\/\/eabreinhausen.com\/ru\/produkty\/sq-sqta\/\">SQ (TA)<\/a><\/span><\/li>\n<li><span style=\"color: #ffffff;\"><a style=\"color: #ffffff;\" href=\"https:\/\/eabreinhausen.com\/ru\/produkty\/sc-scta\/\">SC (TA)<\/a><\/span><\/li>\n<\/ul>\n<p>Para detectar exclusivamente materiales magnetizables en un entorno conductor:<\/p>\n<ul>\n<li>HMG 2S<\/li>\n<\/ul><\/div><\/div><\/div>\n<div class=\"wpv-grid grid-3-5 panel-2 unextended\" style=\"padding-top:0px;padding-bottom:0px\" id=\"wpv-column-2cd5786967fd099b07066b8087d0f80d\" ><p><img loading=\"lazy\" decoding=\"async\" class=\"aligncenter size-large wp-image-660\" title=\"\" src=\"https:\/\/eabreinhausen.com\/wp-content\/uploads\/\/Recycling_Bild-1024x768.jpg\" alt=\"\" width=\"1024\" height=\"768\" srcset=\"https:\/\/eabreinhausen.com\/wp-content\/uploads\/Recycling_Bild.jpg 1024w, https:\/\/eabreinhausen.com\/wp-content\/uploads\/Recycling_Bild-300x225.jpg 300w, https:\/\/eabreinhausen.com\/wp-content\/uploads\/Recycling_Bild-768x576.jpg 768w, https:\/\/eabreinhausen.com\/wp-content\/uploads\/Recycling_Bild-615x461.jpg 615w, https:\/\/eabreinhausen.com\/wp-content\/uploads\/Recycling_Bild-400x300.jpg 400w, https:\/\/eabreinhausen.com\/wp-content\/uploads\/Recycling_Bild-292x219.jpg 292w\" sizes=\"auto, (max-width: 1024px) 100vw, 1024px\" \/><\/div><\/div><\/div><\/div>\n","protected":false},"excerpt":{"rendered":"<p>La extracci\u00f3n y el procesamiento de carb\u00f3n requieren un gran esfuerzo t\u00e9cnico, ya que constantemente se llevan a cabo trabajos de reparaci\u00f3n y actualizaci\u00f3n de los diferentes equipos. La inclusi\u00f3n de todo tipo de objetos met\u00e1licos puede causar infinidad de da\u00f1os a todo el sistema tecnol\u00f3gico. Nuestros dispositivos proporcionan un reconocimiento oportuno de los objetos&#8230;<\/p>\n","protected":false},"author":6,"featured_media":0,"parent":0,"menu_order":35,"comment_status":"closed","ping_status":"closed","template":"","meta":{"footnotes":""},"yst_prominent_words":[977,970,990,984,976,969,873,989,983,975,968,978,971,981,974,979,972,980,973,982],"class_list":["post-1799","page","type-page","status-publish","hentry"],"_links":{"self":[{"href":"https:\/\/eabreinhausen.com\/es\/wp-json\/wp\/v2\/pages\/1799","targetHints":{"allow":["GET"]}}],"collection":[{"href":"https:\/\/eabreinhausen.com\/es\/wp-json\/wp\/v2\/pages"}],"about":[{"href":"https:\/\/eabreinhausen.com\/es\/wp-json\/wp\/v2\/types\/page"}],"author":[{"embeddable":true,"href":"https:\/\/eabreinhausen.com\/es\/wp-json\/wp\/v2\/users\/6"}],"replies":[{"embeddable":true,"href":"https:\/\/eabreinhausen.com\/es\/wp-json\/wp\/v2\/comments?post=1799"}],"version-history":[{"count":6,"href":"https:\/\/eabreinhausen.com\/es\/wp-json\/wp\/v2\/pages\/1799\/revisions"}],"predecessor-version":[{"id":3233,"href":"https:\/\/eabreinhausen.com\/es\/wp-json\/wp\/v2\/pages\/1799\/revisions\/3233"}],"wp:attachment":[{"href":"https:\/\/eabreinhausen.com\/es\/wp-json\/wp\/v2\/media?parent=1799"}],"wp:term":[{"taxonomy":"yst_prominent_words","embeddable":true,"href":"https:\/\/eabreinhausen.com\/es\/wp-json\/wp\/v2\/yst_prominent_words?post=1799"}],"curies":[{"name":"wp","href":"https:\/\/api.w.org\/{rel}","templated":true}]}}