{"id":1809,"date":"2020-12-24T07:02:42","date_gmt":"2020-12-24T06:02:42","guid":{"rendered":"https:\/\/eabreinhausen.com\/?page_id=1809"},"modified":"2020-12-24T07:02:42","modified_gmt":"2020-12-24T06:02:42","slug":"sobre-nosotros","status":"publish","type":"page","link":"https:\/\/eabreinhausen.com\/es\/sobre-nosotros\/","title":{"rendered":"Sobre nosotros"},"content":{"rendered":"<h2>Acerca de EAB Reinhausen GmbH<\/h2>\n<p>Nuestros clientes aprecian la forma que hemos desarrollado para suprimir las propiedades poco magn\u00e9ticas de diferentes materiales, porque se pueden transportar sin fallos de ning\u00fan tipo materiales especiales.<\/p>\n<p>Somos una compa\u00f1\u00eda alemana que fabrica detectores de metales para el uso universal en peque\u00f1as empresas. El conocimiento acumulado durante 40 a\u00f1os, la m\u00e1xima preocupaci\u00f3n por la producci\u00f3n, el entusiasmo alimentado con los problemas nuevos y con los no resueltos, es lo que atrae a empresas de todo el mundo a utilizar nuestros servicios.<\/p>\n<p>Entre otras cosas, nosotros logramos suprimir las propiedades poco magn\u00e9ticas de diferentes materiales lo cual es necesario en caso de extracci\u00f3n de materiales muy espec\u00edficos.<\/p>\n<h2>Din\u00e1mico y abierto: Su socio con futuro<\/h2>\n<p>La disponibilidad para las innovaciones se refleja en la din\u00e1mica de desarrollo de nuestra Compa\u00f1\u00eda, que se muestra a trav\u00e9s del uso de tecnolog\u00edas modernas y en la calidad de la producci\u00f3n. Adem\u00e1s, si fuera necesario, podemos proporcionar planos de montaje para garantizar la instalaci\u00f3n correcta de nuestros detectores de metales.<\/p>\n<h2>Hasta donde hemos llegado<\/h2>\n<p>compa\u00f1\u00edas de todo el mundo dedicadas al procesamiento de carb\u00f3n y piedra, y aquellas dedicadas a la siderurgia, miner\u00eda y procesamiento de desechos.<\/p>\n<p>Los mayores mercados de ventas incluyen Europa, Estados Unidos y Sudam\u00e9rica.<\/p>\n<h2>Red potente y confiable<\/h2>\n<p>EAB Reinhausen GmbH colabora con empresas especializadas de la regi\u00f3n para la adquisici\u00f3n de materiales.<\/p>\n<p>Esto conlleva a un mejoramiento de la econom\u00eda regional e impide las demoras repentinas de suministro o incluso algunos otros problemas.<\/p>\n<p>De este modo, desde hace tiempo podemos manejar exitosamente grandes vol\u00famenes de pedidos e instalar los productos para nuestros clientes dentro del plazo establecido.<\/p>\n<h2>Una calidad que vale la pena<\/h2>\n<p>EAB Reinhausen GmbH tambi\u00e9n es famosa por su control total de la calidad, que detecta defectos de fabricaci\u00f3n durante las pruebas operacionales, de esta manera siempre proporcionamos al cliente un producto impecable.<\/p>\n<p>Adem\u00e1s, los componentes que utilizamos, tanto el\u00e9ctricos como mec\u00e1nicos, son siempre seguros y de alta calidad, lo que permite operar nuestros dispositivos durante 20 a\u00f1os y m\u00e1s.<\/p>\n","protected":false},"excerpt":{"rendered":"<p>Acerca de EAB Reinhausen GmbH Nuestros clientes aprecian la forma que hemos desarrollado para suprimir las propiedades poco magn\u00e9ticas de diferentes materiales, porque se pueden transportar sin fallos de ning\u00fan tipo materiales especiales. Somos una compa\u00f1\u00eda alemana que fabrica detectores de metales para el uso universal en peque\u00f1as empresas. El conocimiento acumulado durante 40 a\u00f1os,&#8230;<\/p>\n","protected":false},"author":6,"featured_media":0,"parent":0,"menu_order":40,"comment_status":"closed","ping_status":"closed","template":"","meta":{"footnotes":""},"yst_prominent_words":[1008,777,873,61,60,1004,999,995,1007,1002,1006,1001,997,1005,1000,996,62,1003,998,994],"class_list":["post-1809","page","type-page","status-publish","hentry"],"_links":{"self":[{"href":"https:\/\/eabreinhausen.com\/es\/wp-json\/wp\/v2\/pages\/1809","targetHints":{"allow":["GET"]}}],"collection":[{"href":"https:\/\/eabreinhausen.com\/es\/wp-json\/wp\/v2\/pages"}],"about":[{"href":"https:\/\/eabreinhausen.com\/es\/wp-json\/wp\/v2\/types\/page"}],"author":[{"embeddable":true,"href":"https:\/\/eabreinhausen.com\/es\/wp-json\/wp\/v2\/users\/6"}],"replies":[{"embeddable":true,"href":"https:\/\/eabreinhausen.com\/es\/wp-json\/wp\/v2\/comments?post=1809"}],"version-history":[{"count":1,"href":"https:\/\/eabreinhausen.com\/es\/wp-json\/wp\/v2\/pages\/1809\/revisions"}],"predecessor-version":[{"id":1810,"href":"https:\/\/eabreinhausen.com\/es\/wp-json\/wp\/v2\/pages\/1809\/revisions\/1810"}],"wp:attachment":[{"href":"https:\/\/eabreinhausen.com\/es\/wp-json\/wp\/v2\/media?parent=1809"}],"wp:term":[{"taxonomy":"yst_prominent_words","embeddable":true,"href":"https:\/\/eabreinhausen.com\/es\/wp-json\/wp\/v2\/yst_prominent_words?post=1809"}],"curies":[{"name":"wp","href":"https:\/\/api.w.org\/{rel}","templated":true}]}}