{"id":1814,"date":"2020-12-24T07:02:45","date_gmt":"2020-12-24T06:02:45","guid":{"rendered":"https:\/\/eabreinhausen.com\/?page_id=1814"},"modified":"2025-04-03T09:11:21","modified_gmt":"2025-04-03T07:11:21","slug":"contactos","status":"publish","type":"page","link":"https:\/\/eabreinhausen.com\/es\/contactos\/","title":{"rendered":"Contactos"},"content":{"rendered":"<div class=\"row \"><div class=\"wpv-grid grid-3-4  wpv-first-level first unextended\" style=\"padding-top:0px;padding-bottom:0px\" id=\"wpv-column-5682f99e898aabbd4fcc98ae68a57807\" ><p>\n<div class=\"wpcf7 no-js\" id=\"wpcf7-f2010-o1\" lang=\"de-DE\" dir=\"ltr\" data-wpcf7-id=\"2010\">\n<div class=\"screen-reader-response\"><p role=\"status\" aria-live=\"polite\" aria-atomic=\"true\"><\/p> <ul><\/ul><\/div>\n<form action=\"\/es\/wp-json\/wp\/v2\/pages\/1814#wpcf7-f2010-o1\" method=\"post\" class=\"wpcf7-form init\" aria-label=\"Kontaktformular\" novalidate=\"novalidate\" data-status=\"init\">\n<fieldset class=\"hidden-fields-container\"><input type=\"hidden\" name=\"_wpcf7\" value=\"2010\" \/><input type=\"hidden\" name=\"_wpcf7_version\" value=\"6.1.5\" \/><input type=\"hidden\" name=\"_wpcf7_locale\" value=\"de_DE\" \/><input type=\"hidden\" name=\"_wpcf7_unit_tag\" value=\"wpcf7-f2010-o1\" \/><input type=\"hidden\" name=\"_wpcf7_container_post\" value=\"0\" \/><input type=\"hidden\" name=\"_wpcf7_posted_data_hash\" value=\"\" \/><input type=\"hidden\" name=\"_wpcf7_recaptcha_response\" value=\"\" \/>\n<\/fieldset>\n<p><label> Nombre y apellido<br \/>\n<span class=\"wpcf7-form-control-wrap\" data-name=\"your-name\"><input size=\"40\" maxlength=\"400\" class=\"wpcf7-form-control wpcf7-text\" aria-invalid=\"false\" value=\"\" type=\"text\" name=\"your-name\" \/><\/span> <\/label>\n<\/p>\n<p><label> Direcci\u00f3n de correo electr\u00f3nico (campo obligatorio)<br \/>\n<span class=\"wpcf7-form-control-wrap\" data-name=\"your-email\"><input size=\"40\" maxlength=\"400\" class=\"wpcf7-form-control wpcf7-email wpcf7-validates-as-required wpcf7-text wpcf7-validates-as-email\" aria-required=\"true\" aria-invalid=\"false\" value=\"\" type=\"email\" name=\"your-email\" \/><\/span> <\/label>\n<\/p>\n<p><label> Asunto<br \/>\n<span class=\"wpcf7-form-control-wrap\" data-name=\"your-subject\"><input size=\"40\" maxlength=\"400\" class=\"wpcf7-form-control wpcf7-text\" aria-invalid=\"false\" value=\"\" type=\"text\" name=\"your-subject\" \/><\/span> <\/label>\n<\/p>\n<p><label> Mensaje<br \/>\n<span class=\"wpcf7-form-control-wrap\" data-name=\"your-message\"><textarea cols=\"40\" rows=\"10\" maxlength=\"2000\" class=\"wpcf7-form-control wpcf7-textarea\" aria-invalid=\"false\" name=\"your-message\"><\/textarea><\/span> <\/label>\n<\/p>\n<p><input class=\"wpcf7-form-control wpcf7-submit has-spinner\" type=\"submit\" value=\"Senden\" \/>\n<\/p><div class=\"wpcf7-response-output\" aria-hidden=\"true\"><\/div>\n<\/form>\n<\/div>\n<\/div>\n<div class=\"wpv-grid grid-1-4  wpv-first-level unextended\" style=\"padding-top:0px;padding-bottom:0px\" id=\"kontaktdateninkontakt\" ><p><strong>EAB Reinhausen GmbH<\/strong><\/p>\n<p>Ketzhagen 8<br \/>\nD-37130 Gleichen<\/p>\n<p>Tel.: +49 (0) 5508 979533-0<br \/>\nFax.: +49 (0) 5508 255999-6<\/p>\n<p>E-Mail: <a href=\"mailto:info@eabreinhausen.de\">info@eabreinhausen.de<\/a><br \/>\nWeb: <a href=\"https:\/\/eabreinhausen.com\/\">eabreinhausen.com<\/a><\/p>\n<p>Representaci\u00f3n oficial en Kazajist\u00e1n:<br \/>\n<b>&quot;Neff Consulting Ust-Kamenogorsk&quot; LTD<\/b><\/p>\n<p>070018, Rep\u00fablica de Kazajst\u00e1n,<br \/>\nUst-Kamenogorsk, av. Shakarima, 162, oficina 4<\/p>\n<p>WhatsApp: <a href=\"https:\/\/wa.me\/77015343108\" target=\"_blank\" rel=\"nofollow noopener noreferrer\">+7 (701)-53-43-108<\/a><\/p>\n<p><!--Representaci\u00f3n oficial de EAB Reinhausen GmbH en Rusia:\n<strong>EAB Reinhausen S.R.L<\/strong>\n\n\n\n<p>117452, Rusia, Mosc\u00fa, bulevar Chernomorskiy, edif. 17, bloque 1, oficina 97<\/p>\n\n\n\n<a href=\"https:\/\/web.whatsapp.com\/\" rel=\"nofollow\">WhatsApp<\/a>.: +7 (985) 84-84-108--><\/p>\n<p>E-Mail: <a href=\"mailto:oleg.marchenko@eabreinhausen.de\">oleg.marchenko@eabreinhausen.de<\/a><br \/>\nWeb: <a href=\"https:\/\/eabreinhausen.com\/\">eabreinhausen.com<\/a><\/p>\n<p>Distribuidor oficial:<br \/>\n<strong>Steinert Latinoamericana Ltda<\/strong><\/p>\n<p>Av. Her\u00e1clito Mour\u00e3o de Miranda<br \/>\nBR-2080 Castelo<\/p>\n<p>Phone: +55 31 3372 7560<\/p>\n<p>E-Mail: <a href=\"mailto:sales@steinert.com.br\">sales@steinert.com.br<\/a><br \/>\nWeb: <a rel=\"nofollow\" href=\"https:\/\/steinertglobal.com\/br\/\">https:\/\/steinertglobal.com\/br\/<\/a><\/div><\/div>\n<div class=\"sep\"><\/div>\n<p><iframe loading=\"lazy\" style=\"border: 0;\" tabindex=\"0\" src=\"https:\/\/www.google.com\/maps\/embed?pb=!1m18!1m12!1m3!1d2483.9540872680127!2d10.007371315345587!3d51.49571001937945!2m3!1f0!2f0!3f0!3m2!1i1024!2i768!4f13.1!3m3!1m2!1s0x47a4d158857ee1cb%3A0x1ced2a0df305da5c!2zS2V0emhhZ2VuIDgsIDM3MTMwIEdsZWljaGVuLCDQk9C10YDQvNCw0L3QuNGP!5e0!3m2!1sru!2sru!4v1599217732148!5m2!1ses!2ses\" width=\"100%\" height=\"400\" frameborder=\"0\" allowfullscreen=\"allowfullscreen\" aria-hidden=\"false\"><\/iframe><\/p>\n","protected":false},"excerpt":{"rendered":"<p>EAB Reinhausen GmbH Ketzhagen 8 D-37130 Gleichen Tel.: +49 (0) 5508 979533-0 Fax.: +49 (0) 5508 255999-6 E-Mail: info@eabreinhausen.de Web: eabreinhausen.com Representaci\u00f3n oficial en Kazajist\u00e1n: &quot;Neff Consulting Ust-Kamenogorsk&quot; LTD 070018, Rep\u00fablica de Kazajst\u00e1n, Ust-Kamenogorsk, av. Shakarima, 162, oficina 4 WhatsApp: +7 (701)-53-43-108 E-Mail: oleg.marchenko@eabreinhausen.de Web: eabreinhausen.com Distribuidor oficial: Steinert Latinoamericana Ltda Av. Her\u00e1clito Mour\u00e3o de&#8230;<\/p>\n","protected":false},"author":6,"featured_media":0,"parent":0,"menu_order":85,"comment_status":"closed","ping_status":"closed","template":"","meta":{"footnotes":""},"yst_prominent_words":[89,90,88,87,91,567,93,193,1185,94,192],"class_list":["post-1814","page","type-page","status-publish","hentry"],"_links":{"self":[{"href":"https:\/\/eabreinhausen.com\/es\/wp-json\/wp\/v2\/pages\/1814","targetHints":{"allow":["GET"]}}],"collection":[{"href":"https:\/\/eabreinhausen.com\/es\/wp-json\/wp\/v2\/pages"}],"about":[{"href":"https:\/\/eabreinhausen.com\/es\/wp-json\/wp\/v2\/types\/page"}],"author":[{"embeddable":true,"href":"https:\/\/eabreinhausen.com\/es\/wp-json\/wp\/v2\/users\/6"}],"replies":[{"embeddable":true,"href":"https:\/\/eabreinhausen.com\/es\/wp-json\/wp\/v2\/comments?post=1814"}],"version-history":[{"count":21,"href":"https:\/\/eabreinhausen.com\/es\/wp-json\/wp\/v2\/pages\/1814\/revisions"}],"predecessor-version":[{"id":3851,"href":"https:\/\/eabreinhausen.com\/es\/wp-json\/wp\/v2\/pages\/1814\/revisions\/3851"}],"wp:attachment":[{"href":"https:\/\/eabreinhausen.com\/es\/wp-json\/wp\/v2\/media?parent=1814"}],"wp:term":[{"taxonomy":"yst_prominent_words","embeddable":true,"href":"https:\/\/eabreinhausen.com\/es\/wp-json\/wp\/v2\/yst_prominent_words?post=1814"}],"curies":[{"name":"wp","href":"https:\/\/api.w.org\/{rel}","templated":true}]}}