{"id":1817,"date":"2020-12-24T07:02:52","date_gmt":"2020-12-24T06:02:52","guid":{"rendered":"https:\/\/eabreinhausen.com\/?page_id=1817"},"modified":"2021-07-21T08:46:05","modified_gmt":"2021-07-21T06:46:05","slug":"informacion-para-imprimir","status":"publish","type":"page","link":"https:\/\/eabreinhausen.com\/es\/informacion-para-imprimir\/","title":{"rendered":"Informaci\u00f3n para imprimir"},"content":{"rendered":"<p class=\"address\">EAB Reinhausen GmbH<br \/>\nKetzhagen\u00a08<br \/>\nD-37130\u00a0Klein\u00a0Lengden<\/p>\n<p>Telefon: +49 (0) 5508 979533-0<br \/>\nTelefax: +49 (0) 5508 255999-6<\/p>\n<p>e-Mail: <a class=\"standardlink\" href=\"mailto:info@eabreinhausen.de\">info@eabreinhausen.de<\/a><br \/>\nInternet: http:\/\/www.eabreinhausen.de<\/p>\n<p>Gesch\u00e4ftsf\u00fchrer\/CEO: Viktor Gerber<br \/>\nRegistergericht: G\u00f6ttingen<br \/>\nRegisternummer: HRB 205280<br \/>\nUSt.-IdNr.: DE 316 166 424<\/p>\n<p><u>Haftungsausschluss:<\/u><\/p>\n<p>Trotz sorgf\u00e4ltiger inhaltlicher Kontrolle \u00fcbernehmen wir keine Gew\u00e4hr f\u00fcr die Aktualit\u00e4t, Richtigkeit und Vollst\u00e4ndigkeit der Informationen auf diesen Seiten. Die Seiten dienen nur der unverbindlichen allgemeinen Information und ersetzen nicht eine eingehende individuelle Beratung. F\u00fcr den Inhalt der verlinkten Seiten sind ausschlie\u00dflich deren Betreiber verantwortlich.<\/p>\n","protected":false},"excerpt":{"rendered":"<p>EAB Reinhausen GmbH Ketzhagen\u00a08 D-37130\u00a0Klein\u00a0Lengden Telefon: +49 (0) 5508 979533-0 Telefax: +49 (0) 5508 255999-6 e-Mail: info@eabreinhausen.de Internet: http:\/\/www.eabreinhausen.de Gesch\u00e4ftsf\u00fchrer\/CEO: Viktor Gerber Registergericht: G\u00f6ttingen Registernummer: HRB 205280 USt.-IdNr.: DE 316 166 424 Haftungsausschluss: Trotz sorgf\u00e4ltiger inhaltlicher Kontrolle \u00fcbernehmen wir keine Gew\u00e4hr f\u00fcr die Aktualit\u00e4t, Richtigkeit und Vollst\u00e4ndigkeit der Informationen auf diesen Seiten. Die Seiten dienen&#8230;<\/p>\n","protected":false},"author":6,"featured_media":0,"parent":0,"menu_order":10000,"comment_status":"closed","ping_status":"closed","template":"","meta":{"footnotes":""},"yst_prominent_words":[89,90,88,87,91,139],"class_list":["post-1817","page","type-page","status-publish","hentry"],"_links":{"self":[{"href":"https:\/\/eabreinhausen.com\/es\/wp-json\/wp\/v2\/pages\/1817","targetHints":{"allow":["GET"]}}],"collection":[{"href":"https:\/\/eabreinhausen.com\/es\/wp-json\/wp\/v2\/pages"}],"about":[{"href":"https:\/\/eabreinhausen.com\/es\/wp-json\/wp\/v2\/types\/page"}],"author":[{"embeddable":true,"href":"https:\/\/eabreinhausen.com\/es\/wp-json\/wp\/v2\/users\/6"}],"replies":[{"embeddable":true,"href":"https:\/\/eabreinhausen.com\/es\/wp-json\/wp\/v2\/comments?post=1817"}],"version-history":[{"count":6,"href":"https:\/\/eabreinhausen.com\/es\/wp-json\/wp\/v2\/pages\/1817\/revisions"}],"predecessor-version":[{"id":2297,"href":"https:\/\/eabreinhausen.com\/es\/wp-json\/wp\/v2\/pages\/1817\/revisions\/2297"}],"wp:attachment":[{"href":"https:\/\/eabreinhausen.com\/es\/wp-json\/wp\/v2\/media?parent=1817"}],"wp:term":[{"taxonomy":"yst_prominent_words","embeddable":true,"href":"https:\/\/eabreinhausen.com\/es\/wp-json\/wp\/v2\/yst_prominent_words?post=1817"}],"curies":[{"name":"wp","href":"https:\/\/api.w.org\/{rel}","templated":true}]}}