{"id":1522,"date":"2020-11-18T12:58:46","date_gmt":"2020-11-18T11:58:46","guid":{"rendered":"https:\/\/eabreinhausen.com\/?page_id=1522"},"modified":"2021-06-17T16:29:59","modified_gmt":"2021-06-17T14:29:59","slug":"eab-reinhausen-gmbh","status":"publish","type":"page","link":"https:\/\/eabreinhausen.com\/fr\/","title":{"rendered":"EAB Reinhausen GmbH"},"content":{"rendered":"<div class=\"row \"><div class=\"wpv-grid grid-1-1 upa-home1 wpv-first-level first unextended\" style=\"padding-top:0px;padding-bottom:0px\" id=\"wpv-column-058f5c6112abf3441a7449758f3f0330\" ><div class=\"push\" style='height:30px'><\/div>\n<h1>D\u00e9tecteurs de m\u00e9taux industriels et d\u00e9tecteurs de m\u00e9taux provenant de l&rsquo;Allemagne<\/h1>\n<p>Les d\u00e9tecteurs de m\u00e9taux sont souvent utilis\u00e9s dans l&rsquo;industrie. C&rsquo;est un \u00e9quipement sp\u00e9cial avec lequel il est possible de d\u00e9tecter la pr\u00e9sence d&rsquo;inclusions \u00e9trang\u00e8res sous forme de m\u00e9tal dans la mati\u00e8re premi\u00e8re trait\u00e9e.<\/p>\n<p>Ces installations et appareils mobiles ont \u00e9t\u00e9 largement utilis\u00e9s pour prot\u00e9ger les machines de production et les installations contre les dommages. Tous les fragments m\u00e9talliques et contenant du m\u00e9tal sont enlev\u00e9s manuellement ou par une pince magn\u00e9tique. L&rsquo;installation de d\u00e9tecteurs de m\u00e9taux industriels dans la production permet d&rsquo;am\u00e9liorer consid\u00e9rablement son efficacit\u00e9 et sa qualit\u00e9 de travail et de prot\u00e9ger les \u00e9quipements co\u00fbteux contre les pannes.<\/p>\n<h2>Les d\u00e9tecteurs de m\u00e9taux allemands EAB sont un excellent choix<\/h2>\n<p>Nos \u00e9quipements sont install\u00e9s dans des entreprises moyennes et grandes du monde entier et assurent un fonctionnement fiable et sans probl\u00e8me sur une longue p\u00e9riode. Les appareils sont pr\u00e9par\u00e9s pour  pour un large \u00e9ventail d&rsquo;applications et peuvent d\u00e9tecter les corps \u00e9trangers ind\u00e9sirables et nocifs \u00e0 proximit\u00e9 d&rsquo;un minerai contenant de la magn\u00e9tite.<\/p>\n<h2>Histoire de notre soci\u00e9t\u00e9<\/h2>\n<p>Elektroanlagenbau Reinhausen a \u00e9t\u00e9 fond\u00e9e en 1978 par les efforts conjoints de Gerhard Kassel et J\u00fcrgen Zimmermann et elle a toujours \u00e9t\u00e9 connue pour ses d\u00e9tecteurs de m\u00e9taux industriels fonctionnels et de haute qualit\u00e9.<\/p>\n<p>Au cours des 40 derni\u00e8res ann\u00e9es, la soci\u00e9t\u00e9 a construit un portefeuille important de produits qui comprend la fabrication et la maintenance d&rsquo;appareils fiables pour de nombreuses industries.<br \/>\nEn mai 2018, l&rsquo;ing\u00e9nieur Viktor Gerber a acquis la soci\u00e9t\u00e9 sous sa direction, la rebaptisant ensuite EAB Reinhausen GmbH.<\/div><\/div>\n","protected":false},"excerpt":{"rendered":"<p>D\u00e9tecteurs de m\u00e9taux industriels et d\u00e9tecteurs de m\u00e9taux provenant de l&rsquo;Allemagne Les d\u00e9tecteurs de m\u00e9taux sont souvent utilis\u00e9s dans l&rsquo;industrie. C&rsquo;est un \u00e9quipement sp\u00e9cial avec lequel il est possible de d\u00e9tecter la pr\u00e9sence d&rsquo;inclusions \u00e9trang\u00e8res sous forme de m\u00e9tal dans la mati\u00e8re premi\u00e8re trait\u00e9e. Ces installations et appareils mobiles ont \u00e9t\u00e9 largement utilis\u00e9s pour prot\u00e9ger&#8230;<\/p>\n","protected":false},"author":6,"featured_media":0,"parent":0,"menu_order":1,"comment_status":"closed","ping_status":"closed","template":"","meta":{"footnotes":""},"yst_prominent_words":[846,853,843,691,712,693,690,689,704,847,849,715,711,697,694,714,836,845,851,852],"class_list":["post-1522","page","type-page","status-publish","hentry"],"_links":{"self":[{"href":"https:\/\/eabreinhausen.com\/fr\/wp-json\/wp\/v2\/pages\/1522","targetHints":{"allow":["GET"]}}],"collection":[{"href":"https:\/\/eabreinhausen.com\/fr\/wp-json\/wp\/v2\/pages"}],"about":[{"href":"https:\/\/eabreinhausen.com\/fr\/wp-json\/wp\/v2\/types\/page"}],"author":[{"embeddable":true,"href":"https:\/\/eabreinhausen.com\/fr\/wp-json\/wp\/v2\/users\/6"}],"replies":[{"embeddable":true,"href":"https:\/\/eabreinhausen.com\/fr\/wp-json\/wp\/v2\/comments?post=1522"}],"version-history":[{"count":3,"href":"https:\/\/eabreinhausen.com\/fr\/wp-json\/wp\/v2\/pages\/1522\/revisions"}],"predecessor-version":[{"id":2206,"href":"https:\/\/eabreinhausen.com\/fr\/wp-json\/wp\/v2\/pages\/1522\/revisions\/2206"}],"wp:attachment":[{"href":"https:\/\/eabreinhausen.com\/fr\/wp-json\/wp\/v2\/media?parent=1522"}],"wp:term":[{"taxonomy":"yst_prominent_words","embeddable":true,"href":"https:\/\/eabreinhausen.com\/fr\/wp-json\/wp\/v2\/yst_prominent_words?post=1522"}],"curies":[{"name":"wp","href":"https:\/\/api.w.org\/{rel}","templated":true}]}}