{"id":1534,"date":"2020-11-23T07:38:44","date_gmt":"2020-11-23T06:38:44","guid":{"rendered":"https:\/\/eabreinhausen.com\/?page_id=1534"},"modified":"2020-12-22T09:09:59","modified_gmt":"2020-12-22T08:09:59","slug":"sq-sqta","status":"publish","type":"page","link":"https:\/\/eabreinhausen.com\/fr\/produits\/sq-sqta\/","title":{"rendered":"SQ \/ SQTA"},"content":{"rendered":"<ol>\n<li>Informations de base<\/li>\n<\/ol>\n<p>Les s\u00e9ries de d\u00e9tecteurs de m\u00e9taux SQ (sonde simple) et SQTA (sonde tandem) sont des dispositifs de protection et de contr\u00f4le. Ils sont utilis\u00e9s partout o\u00f9 des corps \u00e9trangers m\u00e9talliques dangereux et alarmants de taille petite \u00e0 moyenne (provenant de l&rsquo;\u00e9crou en acier M8) doivent \u00eatre r\u00e9pertori\u00e9s dans les marchandises transport\u00e9es.<br \/>\nNos d\u00e9tecteurs de m\u00e9taux \u00e9vitent les pannes, pr\u00e9viennent les interruptions de fonctionnement et permettent de faire des \u00e9conomies significatives sur les co\u00fbts de r\u00e9paration.<\/p>\n<ol start=\"2\">\n<li>Fonction<\/li>\n<\/ol>\n<p>L&rsquo;unit\u00e9 de commande produit une tension variable haute fr\u00e9quence. Il atteint le capteur via un c\u00e2ble de connexion. un champ \u00e9lectromagn\u00e9tique alternatif est cr\u00e9\u00e9, p\u00e9n\u00e9trant la courroie et le mat\u00e9riau transport\u00e9. Si une pi\u00e8ce m\u00e9tallique p\u00e9n\u00e8tre dans ce champ, des distorsions se produisent, ce qui conduit \u00e0 un arr\u00eat. L&rsquo;amplificateur enregistre ce changement et commute le relais de sortie sur 500 MS. Le relais de sortie comporte deux contacts de commutation sans potentiel qui se trouvent sur un bornier facilement accessible. Le signal \u00ab message m\u00e9tallique \u00bb  peut \u00eatre trait\u00e9 en plus \u00e0 partir du bornier, par exemple B pour arr\u00eater la bande transporteuse ou commander l&rsquo;API. L&rsquo;autocontr\u00f4le int\u00e9gr\u00e9 v\u00e9rifie en permanence si le d\u00e9tecteur de m\u00e9taux fonctionne correctement. 3. Par exemple, en cas de rupture du c\u00e2ble de raccordement au capteur ou en cas de panne de circuit dans l&rsquo;unit\u00e9 de commande, le deuxi\u00e8me relais de sortie commute, dont le contact sans potentiel est \u00e9galement pr\u00e9sent sur le bornier. Le message m\u00e9tallique peut \u00eatre simul\u00e9 \u00e0 l&rsquo;aide du bouton de commande des fonctions. Cela vous permet de v\u00e9rifier rapidement et facilement le contr\u00f4le connect\u00e9 au d\u00e9tecteur de m\u00e9taux. La mise en service des d\u00e9tecteurs de m\u00e9taux EAB SQ et SQTA est aussi simple que l&rsquo;installation: une fois que la sensibilit\u00e9 souhait\u00e9e est r\u00e9gl\u00e9e, aucun autre ajustage ou r\u00e9glage n&rsquo;est n\u00e9cessaire &#8211; les appareils sont enti\u00e8rement automatiquement adapt\u00e9s aux conditions de fonctionnement existantes.<\/p>\n<ol start=\"3\">\n<li>Construction<\/li>\n<\/ol>\n<p>Le d\u00e9tecteur de m\u00e9taux se compose d&rsquo;une sonde et d&rsquo;une unit\u00e9 de commande. Les deux composants sont reli\u00e9s entre eux par un c\u00e2ble de connexion. La sonde est moul\u00e9e de mani\u00e8re compacte dans une plaque rigide en poly\u00e9thyl\u00e8ne et fabriqu\u00e9e selon la largeur de la bande. L&rsquo;assemblage sur la bande transporteuse est facile et rapide. Des sondes simples et tandem sont disponibles. Une sonde simple \u00e0 pignon et cr\u00e9maill\u00e8re est fix\u00e9e sous la ceinture. En revanche, une sonde en tandem se compose de deux plaques de sonde, l&rsquo;une mont\u00e9e sous le ruban et l&rsquo;autre au-dessus du ruban avec des entretoises. La sonde tandem est particuli\u00e8rement recommand\u00e9e pour les hauteurs de d\u00e9charge \u00e9lev\u00e9es ou les exigences de sensibilit\u00e9 \u00e9lev\u00e9e. Les joints de la sonde tandem sont fabriqu\u00e9s en fonction de la hauteur de d\u00e9charge. Une seule sonde peut \u00e9galement \u00eatre convertie ult\u00e9rieurement en sonde tandem &#8211; la sonde et les deux entretoises doivent simplement \u00eatre r\u00e9organis\u00e9es et rassembl\u00e9es.<\/p>\n<ol start=\"4\">\n<li>Avantages<\/li>\n<\/ol>\n<ul>\n<li>Auto-\u00e9quilibrage<\/li>\n<li>Assemblage particuli\u00e8rement simple<\/li>\n<li>Absence d&rsquo;oxyde ou de minerai de fer (version sp\u00e9ciale), ce qui est particuli\u00e8rement important pour des produits de transport tels que, par exemple, la magn\u00e9tite, le basalte, l&rsquo;h\u00e9matite et d&rsquo;autres mat\u00e9riaux magn\u00e9tis\u00e9s jusqu&rsquo;\u00e0 100%<\/li>\n<li>Indique les m\u00e9taux FE et NF<\/li>\n<li>Auto-contr\u00f4le automatique<\/li>\n<li>Peut \u00eatre utilis\u00e9 \u00e0 c\u00f4t\u00e9 des convertisseurs de fr\u00e9quence<\/li>\n<li>La distance minimale entre le capteur et les moteurs et les aimants n&rsquo;est que de 1,5 m\u00e8tre \u00e0 la lumi\u00e8re.<\/li>\n<li>Une sonde robuste et r\u00e9sistante aux vibrations, r\u00e9sistante aux conditions m\u00e9t\u00e9orologiques, \u00e0 la salet\u00e9 et aux \u00e9clats de pierre<\/li>\n<\/ul>\n<p><img loading=\"lazy\" decoding=\"async\" class=\"size-full wp-image-1363 alignleft\" src=\"https:\/\/eabreinhausen.com\/wp-content\/uploads\/3.png\" alt=\"SQ \/ SQTA\" width=\"403\" height=\"304\" srcset=\"https:\/\/eabreinhausen.com\/wp-content\/uploads\/3.png 403w, https:\/\/eabreinhausen.com\/wp-content\/uploads\/3-400x302.png 400w, https:\/\/eabreinhausen.com\/wp-content\/uploads\/3-292x220.png 292w\" sizes=\"auto, (max-width: 403px) 100vw, 403px\" \/><\/p>\n<p><img loading=\"lazy\" decoding=\"async\" class=\"size-full wp-image-1366 alignleft\" src=\"https:\/\/eabreinhausen.com\/wp-content\/uploads\/4.png\" alt=\"SQ \/ SQTA\" width=\"407\" height=\"306\" srcset=\"https:\/\/eabreinhausen.com\/wp-content\/uploads\/4.png 407w, https:\/\/eabreinhausen.com\/wp-content\/uploads\/4-400x301.png 400w, https:\/\/eabreinhausen.com\/wp-content\/uploads\/4-292x220.png 292w\" sizes=\"auto, (max-width: 407px) 100vw, 407px\" \/><\/p>\n","protected":false},"excerpt":{"rendered":"<p>Informations de base Les s\u00e9ries de d\u00e9tecteurs de m\u00e9taux SQ (sonde simple) et SQTA (sonde tandem) sont des dispositifs de protection et de contr\u00f4le. Ils sont utilis\u00e9s partout o\u00f9 des corps \u00e9trangers m\u00e9talliques dangereux et alarmants de taille petite \u00e0 moyenne (provenant de l&rsquo;\u00e9crou en acier M8) doivent \u00eatre r\u00e9pertori\u00e9s dans les marchandises transport\u00e9es. Nos&#8230;<\/p>\n","protected":false},"author":6,"featured_media":0,"parent":1527,"menu_order":0,"comment_status":"closed","ping_status":"closed","template":"","meta":{"footnotes":""},"yst_prominent_words":[765,691,744,689,753,749,766,768,767,762,750,746,751,747,752,748,769,763,764,761],"class_list":["post-1534","page","type-page","status-publish","hentry"],"_links":{"self":[{"href":"https:\/\/eabreinhausen.com\/fr\/wp-json\/wp\/v2\/pages\/1534","targetHints":{"allow":["GET"]}}],"collection":[{"href":"https:\/\/eabreinhausen.com\/fr\/wp-json\/wp\/v2\/pages"}],"about":[{"href":"https:\/\/eabreinhausen.com\/fr\/wp-json\/wp\/v2\/types\/page"}],"author":[{"embeddable":true,"href":"https:\/\/eabreinhausen.com\/fr\/wp-json\/wp\/v2\/users\/6"}],"replies":[{"embeddable":true,"href":"https:\/\/eabreinhausen.com\/fr\/wp-json\/wp\/v2\/comments?post=1534"}],"version-history":[{"count":2,"href":"https:\/\/eabreinhausen.com\/fr\/wp-json\/wp\/v2\/pages\/1534\/revisions"}],"predecessor-version":[{"id":1538,"href":"https:\/\/eabreinhausen.com\/fr\/wp-json\/wp\/v2\/pages\/1534\/revisions\/1538"}],"up":[{"embeddable":true,"href":"https:\/\/eabreinhausen.com\/fr\/wp-json\/wp\/v2\/pages\/1527"}],"wp:attachment":[{"href":"https:\/\/eabreinhausen.com\/fr\/wp-json\/wp\/v2\/media?parent=1534"}],"wp:term":[{"taxonomy":"yst_prominent_words","embeddable":true,"href":"https:\/\/eabreinhausen.com\/fr\/wp-json\/wp\/v2\/yst_prominent_words?post=1534"}],"curies":[{"name":"wp","href":"https:\/\/api.w.org\/{rel}","templated":true}]}}