{"id":1549,"date":"2020-11-23T07:38:47","date_gmt":"2020-11-23T06:38:47","guid":{"rendered":"https:\/\/eabreinhausen.com\/?page_id=1549"},"modified":"2023-11-24T08:00:20","modified_gmt":"2023-11-24T07:00:20","slug":"industries","status":"publish","type":"page","link":"https:\/\/eabreinhausen.com\/fr\/industries\/","title":{"rendered":"Industries"},"content":{"rendered":"<div class=\"row \"><div class=\"wpv-grid grid-1-1 equal-height wpv-first-level first unextended\" style=\"padding-top:0px;padding-bottom:0px\" id=\"wpv-column-545de20dd3e02ef5ac9a0fa301a33e2c\" ><div class=\"row \"><div class=\"wpv-grid grid-2-5 panel-1 first has-background unextended\" style=\"\n\t\t\t\tbackground: url( 'https:\/\/eabreinhausen.com\/wp-content\/uploads\/roter-hintergrund.jpg' )  ;\n\t\t\t\tbackground-size: auto;\n\t\t\t\tbackground-attachment: ;\n\t\t\tpadding-top:0px;padding-bottom:0px\" id=\"wpv-column-e320b6092d78a1847d629df78305f370\" ><div class=\"row \"><div class=\"wpv-grid grid-1-1  first unextended\" style=\"padding-top:0px;padding-bottom:0px\" id=\"wpv-column-c43af624226f193db828dfa46368eb4f\" >\t\t<h2 class=\"text-divider-double\">\t\t\tD\u00e9tecteurs de m\u00e9taux pour l'extraction et le traitement du charbon\t\t<\/h2>\t\t<div class=\"sep\"><\/div>\t<p>L&rsquo;extraction et le traitement du charbon n\u00e9cessitent d&rsquo;\u00e9normes efforts techniques, tandis que des travaux en cours sont en cours pour r\u00e9parer et moderniser divers \u00e9quipements. L&rsquo;Infiltration de toutes sortes d&rsquo;objets m\u00e9talliques peut causer d&rsquo;\u00e9normes dommages \u00e0 l&rsquo;ensemble du syst\u00e8me technique. Nos appareils permettent la reconnaissance en temps opportun des objets m\u00e9talliques \u00e9trangers et le signalent sous n&rsquo;importe quelle forme.<\/p>\n<p>Nous avons de nombreux clients allemands et \u00e9trangers dans ce secteur, y compris la soci\u00e9t\u00e9 allemande bien connue sous le nom de RWE Group.<\/p>\n<p>Selon les besoins, les appareils suivants peuvent \u00eatre utilis\u00e9s:<\/p>\n<ul>\n<li>UDLC-Q (TA)<\/li>\n<li><span style=\"color: #ffffff;\"><a style=\"color: #ffffff;\" href=\"https:\/\/eabreinhausen.com\/ru\/produkty\/sq-sqta\/\">SQ (TA)<\/a><\/span><\/li>\n<li><span style=\"color: #ffffff;\"><a style=\"color: #ffffff;\" href=\"https:\/\/eabreinhausen.com\/ru\/produkty\/sc-scta\/\">SC (TA)<\/a><\/span><\/li>\n<li><span style=\"color: #ffffff;\"><a style=\"color: #ffffff;\" href=\"https:\/\/eabreinhausen.com\/ru\/produkty\/psq-ra\/\">PSQ RA<\/a><\/span><\/li>\n<\/ul><\/div><\/div><\/div>\n<div class=\"wpv-grid grid-3-5 panel-2 unextended\" style=\"padding-top:0px;padding-bottom:0px\" id=\"use-1\" ><p><img loading=\"lazy\" decoding=\"async\" class=\"alignnone wp-image-2221 size-full\" src=\"https:\/\/eabreinhausen.com\/wp-content\/uploads\/kohlefoerderung-2.jpg\" alt=\"\" width=\"715\" height=\"576\" srcset=\"https:\/\/eabreinhausen.com\/wp-content\/uploads\/kohlefoerderung-2.jpg 715w, https:\/\/eabreinhausen.com\/wp-content\/uploads\/kohlefoerderung-2-615x495.jpg 615w, https:\/\/eabreinhausen.com\/wp-content\/uploads\/kohlefoerderung-2-400x322.jpg 400w, https:\/\/eabreinhausen.com\/wp-content\/uploads\/kohlefoerderung-2-292x235.jpg 292w\" sizes=\"auto, (max-width: 715px) 100vw, 715px\" \/><\/div><\/div><\/div><\/div>\n<div class=\"row \"><div class=\"wpv-grid grid-1-1 divider-mobil wpv-first-level first unextended\" style=\"padding-top:0px;padding-bottom:0px\" id=\"wpv-column-de5b23b393b7eb81e4616eb5975f28cc\" ><div class=\"sep\"><\/div><\/div><\/div>\n<div class=\"row \"><div class=\"wpv-grid grid-1-1 equal-height wpv-first-level first unextended\" style=\"padding-top:0px;padding-bottom:0px\" id=\"wpv-column-aaea9b65ec95a7e77380ce979c77c19c\" ><div class=\"row \"><div class=\"wpv-grid grid-2-5 panel-1 first has-background unextended\" style=\"\n\t\t\t\tbackground: url( 'https:\/\/eabreinhausen.com\/wp-content\/uploads\/roter-hintergrund.jpg' )  ;\n\t\t\t\tbackground-size: auto;\n\t\t\t\tbackground-attachment: ;\n\t\t\tpadding-top:0px;padding-bottom:0px\" id=\"wpv-column-0bb5c3ddd32ca26bee83a2df9111bf58\" ><div class=\"row \"><div class=\"wpv-grid grid-1-1  first unextended\" style=\"padding-top:0px;padding-bottom:0px\" id=\"wpv-column-9a1bb65d02ad1ab4fc88ab331b52b365\" >\t\t<h2 class=\"text-divider-double\">\t\t\tD\u00e9tecteurs de m\u00e9taux dans la fabrication de mat\u00e9riaux de construction\t\t<\/h2>\t\t<div class=\"sep\"><\/div>\t<p>Les usines de pierre concass\u00e9e, les briqueteries et les carri\u00e8res utilisent nos services depuis longtemps. Nos appareils sont particuli\u00e8rement avantageux en raison de leur facilit\u00e9 d&rsquo;utilisation, de leur fiabilit\u00e9 et de leur assistante technique \u00e9tendue.<\/p>\n<p>Selon les besoins, les appareils suivants peuvent \u00eatre utilis\u00e9s:<\/p>\n<ul>\n<li>UDLC-Q (TA)<\/li>\n<li><span style=\"color: #ffffff;\"><a style=\"color: #ffffff;\" href=\"https:\/\/eabreinhausen.com\/ru\/produkty\/sq-sqta\/\">SQ (TA)<\/a><\/span><\/li>\n<li><span style=\"color: #ffffff;\"><a style=\"color: #ffffff;\" href=\"https:\/\/eabreinhausen.com\/ru\/produkty\/psq-ra\/\">PSQ RA<\/a><\/span><\/li>\n<\/ul><\/div><\/div><\/div>\n<div class=\"wpv-grid grid-3-5 panel-2 unextended\" style=\"padding-top:0px;padding-bottom:0px\" id=\"wpv-column-ed4934c55aea81584936b008feb7aa23\" ><p><img loading=\"lazy\" decoding=\"async\" class=\"aligncenter size-full wp-image-225\" src=\"https:\/\/eabreinhausen.com\/wp-content\/uploads\/steine.jpg\" alt=\"\" width=\"800\" height=\"534\" srcset=\"https:\/\/eabreinhausen.com\/wp-content\/uploads\/steine.jpg 800w, https:\/\/eabreinhausen.com\/wp-content\/uploads\/steine-300x200.jpg 300w, https:\/\/eabreinhausen.com\/wp-content\/uploads\/steine-768x513.jpg 768w, https:\/\/eabreinhausen.com\/wp-content\/uploads\/steine-615x410.jpg 615w, https:\/\/eabreinhausen.com\/wp-content\/uploads\/steine-400x266.jpg 400w, https:\/\/eabreinhausen.com\/wp-content\/uploads\/steine-292x195.jpg 292w\" sizes=\"auto, (max-width: 800px) 100vw, 800px\" \/><\/div><\/div><\/div><\/div>\n<div class=\"row \"><div class=\"wpv-grid grid-1-1 divider-mobil wpv-first-level first unextended\" style=\"padding-top:0px;padding-bottom:0px\" id=\"wpv-column-5bf817f696eeb21d4b21f7059a050e3b\" ><div class=\"sep\"><\/div><\/div><\/div>\n<div class=\"row \"><div class=\"wpv-grid grid-1-1 equal-height wpv-first-level first unextended\" style=\"padding-top:0px;padding-bottom:0px\" id=\"wpv-column-313ae0b10ad10d9519cba2c121fcf4b0\" ><div class=\"row \"><div class=\"wpv-grid grid-2-5 panel-1 first has-background unextended\" style=\"\n\t\t\t\tbackground: url( 'https:\/\/eabreinhausen.com\/wp-content\/uploads\/roter-hintergrund.jpg' )  ;\n\t\t\t\tbackground-size: auto;\n\t\t\t\tbackground-attachment: ;\n\t\t\tpadding-top:0px;padding-bottom:0px\" id=\"wpv-column-285df227dddad16d0e590338581eac53\" ><div class=\"row \"><div class=\"wpv-grid grid-1-1  first unextended\" style=\"padding-top:0px;padding-bottom:0px\" id=\"wpv-column-c87facb52136bd9f23165f719a46808a\" >\t\t<h2 class=\"text-divider-double\">\t\t\tD\u00e9tecteurs de m\u00e9taux pour les mines et pour les mines de charbon\t\t<\/h2>\t\t<div class=\"sep\"><\/div>\t<p>Beaucoup de nos appareils sont utilis\u00e9s dans cette industrie car l&rsquo;effet de la magn\u00e9tite peut \u00eatre compl\u00e8tement supprim\u00e9 et nos produits peuvent fonctionner pendant plusieurs d\u00e9cennies dans des conditions extr\u00eamement difficiles.<\/p>\n<p>Selon les besoins, les appareils suivants peuvent \u00eatre utilis\u00e9s:<\/p>\n<ul>\n<li>UDLC-Q (TA) \/ FT<\/li>\n<li><span style=\"color: #ffffff;\"><a style=\"color: #ffffff;\" href=\"https:\/\/eabreinhausen.com\/ru\/produkty\/sq-sqta\/\">SQ (TA) \/ FT<\/a><\/span><\/li>\n<li><span style=\"color: #ffffff;\"><a style=\"color: #ffffff;\" href=\"https:\/\/eabreinhausen.com\/ru\/produkty\/psq-ra\/\">PSQ RA<\/a><\/span><\/li>\n<\/ul><\/div><\/div><\/div>\n<div class=\"wpv-grid grid-3-5 panel-2 unextended\" style=\"padding-top:0px;padding-bottom:0px\" id=\"wpv-column-7fa2371d0124f000591505f25817213f\" ><p><img loading=\"lazy\" decoding=\"async\" class=\"aligncenter size-large wp-image-228\" src=\"https:\/\/eabreinhausen.com\/wp-content\/uploads\/\/bergbau-1024x682.jpg\" alt=\"\" width=\"1024\" height=\"682\" srcset=\"https:\/\/eabreinhausen.com\/wp-content\/uploads\/bergbau-1024x682.jpg 1024w, https:\/\/eabreinhausen.com\/wp-content\/uploads\/bergbau-300x200.jpg 300w, https:\/\/eabreinhausen.com\/wp-content\/uploads\/bergbau-768x512.jpg 768w, https:\/\/eabreinhausen.com\/wp-content\/uploads\/bergbau-615x410.jpg 615w, https:\/\/eabreinhausen.com\/wp-content\/uploads\/bergbau-400x266.jpg 400w, https:\/\/eabreinhausen.com\/wp-content\/uploads\/bergbau-292x195.jpg 292w, https:\/\/eabreinhausen.com\/wp-content\/uploads\/bergbau.jpg 1100w\" sizes=\"auto, (max-width: 1024px) 100vw, 1024px\" \/><\/div><\/div><\/div><\/div>\n<div class=\"row \"><div class=\"wpv-grid grid-1-1 divider-mobil wpv-first-level first unextended\" style=\"padding-top:0px;padding-bottom:0px\" id=\"wpv-column-5c98254c6aea6e8269f5b4f0222f2c15\" ><div class=\"sep\"><\/div><\/div><\/div>\n<div class=\"row \"><div class=\"wpv-grid grid-1-1 equal-height wpv-first-level first unextended\" style=\"padding-top:0px;padding-bottom:0px\" id=\"wpv-column-6efdd70edc66eaebbef395e4ef9e76c6\" ><div class=\"row \"><div class=\"wpv-grid grid-2-5 panel-1 first has-background unextended\" style=\"\n\t\t\t\tbackground: url( 'https:\/\/eabreinhausen.com\/wp-content\/uploads\/roter-hintergrund.jpg' )  ;\n\t\t\t\tbackground-size: auto;\n\t\t\t\tbackground-attachment: ;\n\t\t\tpadding-top:0px;padding-bottom:0px\" id=\"wpv-column-6301c02c7a3ad73c9a4048c7dff47c94\" ><div class=\"row \"><div class=\"wpv-grid grid-1-1  first unextended\" style=\"padding-top:0px;padding-bottom:0px\" id=\"wpv-column-ec6ccf2bd8f797f82d929062d5b06ca8\" >\t\t<h2 class=\"text-divider-double\">\t\t\tD\u00e9tecteurs de m\u00e9taux pour le traitement des d\u00e9chets\t\t<\/h2>\t\t<div class=\"sep\"><\/div>\t<p>L&rsquo;industrie du recyclage des d\u00e9chets se d\u00e9veloppe assez rapidement et n\u00e9cessite une d\u00e9tection de haute qualit\u00e9 et pr\u00e9cise du m\u00e9tal. Nous pouvons proposer les options suivantes:<\/p>\n<p>Pour la detection de tous mat\u00e9riaux magn\u00e9tisables et pou la detection de tout conducteurs allant jusqu&rsquo;\u00e0 une hauteur de couche de 1 m:<\/p>\n<ul>\n<li><span style=\"color: #ffffff;\"><a style=\"color: #ffffff;\" href=\"https:\/\/eabreinhausen.com\/ru\/produkty\/psq-ra\/\">PSQ RA<\/a><\/span><\/li>\n<li><span style=\"color: #ffffff;\"><a style=\"color: #ffffff;\" href=\"https:\/\/eabreinhausen.com\/ru\/produkty\/sq-sqta\/\">SQ (TA)<\/a><\/span><\/li>\n<li><span style=\"color: #ffffff;\"><a style=\"color: #ffffff;\" href=\"https:\/\/eabreinhausen.com\/ru\/produkty\/sc-scta\/\">SC (TA)<\/a><\/span><\/li>\n<\/ul>\n<p>Pour la d\u00e9tection de mat\u00e9riaux exclusivement magn\u00e9tisables dans un environnement conducteur:<\/p>\n<ul>\n<li>HMG 2S<\/li>\n<\/ul><\/div><\/div><\/div>\n<div class=\"wpv-grid grid-3-5 panel-2 unextended\" style=\"padding-top:0px;padding-bottom:0px\" id=\"wpv-column-5acbd073d53ae575b8d41c2d70ef455a\" ><p><img loading=\"lazy\" decoding=\"async\" class=\"aligncenter size-large wp-image-660\" title=\"\u041f\u0435\u0440\u0435\u0440\u0430\u0431\u043e\u0442\u043a\u0430 \u043e\u0442\u0445\u043e\u0434\u043e\u0432\" src=\"https:\/\/eabreinhausen.com\/wp-content\/uploads\/\/Recycling_Bild-1024x768.jpg\" alt=\"\" width=\"1024\" height=\"768\" srcset=\"https:\/\/eabreinhausen.com\/wp-content\/uploads\/Recycling_Bild.jpg 1024w, https:\/\/eabreinhausen.com\/wp-content\/uploads\/Recycling_Bild-300x225.jpg 300w, https:\/\/eabreinhausen.com\/wp-content\/uploads\/Recycling_Bild-768x576.jpg 768w, https:\/\/eabreinhausen.com\/wp-content\/uploads\/Recycling_Bild-615x461.jpg 615w, https:\/\/eabreinhausen.com\/wp-content\/uploads\/Recycling_Bild-400x300.jpg 400w, https:\/\/eabreinhausen.com\/wp-content\/uploads\/Recycling_Bild-292x219.jpg 292w\" sizes=\"auto, (max-width: 1024px) 100vw, 1024px\" \/><\/div><\/div><\/div><\/div>\n","protected":false},"excerpt":{"rendered":"<p>L&rsquo;extraction et le traitement du charbon n\u00e9cessitent d&rsquo;\u00e9normes efforts techniques, tandis que des travaux en cours sont en cours pour r\u00e9parer et moderniser divers \u00e9quipements. L&rsquo;Infiltration de toutes sortes d&rsquo;objets m\u00e9talliques peut causer d&rsquo;\u00e9normes dommages \u00e0 l&rsquo;ensemble du syst\u00e8me technique. Nos appareils permettent la reconnaissance en temps opportun des objets m\u00e9talliques \u00e9trangers et le signalent&#8230;<\/p>\n","protected":false},"author":6,"featured_media":0,"parent":0,"menu_order":35,"comment_status":"closed","ping_status":"closed","template":"","meta":{"footnotes":""},"yst_prominent_words":[817,812,815,810,850,689,844,848,816,811,814,809,819,813,808,818],"class_list":["post-1549","page","type-page","status-publish","hentry"],"_links":{"self":[{"href":"https:\/\/eabreinhausen.com\/fr\/wp-json\/wp\/v2\/pages\/1549","targetHints":{"allow":["GET"]}}],"collection":[{"href":"https:\/\/eabreinhausen.com\/fr\/wp-json\/wp\/v2\/pages"}],"about":[{"href":"https:\/\/eabreinhausen.com\/fr\/wp-json\/wp\/v2\/types\/page"}],"author":[{"embeddable":true,"href":"https:\/\/eabreinhausen.com\/fr\/wp-json\/wp\/v2\/users\/6"}],"replies":[{"embeddable":true,"href":"https:\/\/eabreinhausen.com\/fr\/wp-json\/wp\/v2\/comments?post=1549"}],"version-history":[{"count":6,"href":"https:\/\/eabreinhausen.com\/fr\/wp-json\/wp\/v2\/pages\/1549\/revisions"}],"predecessor-version":[{"id":3229,"href":"https:\/\/eabreinhausen.com\/fr\/wp-json\/wp\/v2\/pages\/1549\/revisions\/3229"}],"wp:attachment":[{"href":"https:\/\/eabreinhausen.com\/fr\/wp-json\/wp\/v2\/media?parent=1549"}],"wp:term":[{"taxonomy":"yst_prominent_words","embeddable":true,"href":"https:\/\/eabreinhausen.com\/fr\/wp-json\/wp\/v2\/yst_prominent_words?post=1549"}],"curies":[{"name":"wp","href":"https:\/\/api.w.org\/{rel}","templated":true}]}}