{"id":1558,"date":"2020-11-23T07:38:51","date_gmt":"2020-11-23T06:38:51","guid":{"rendered":"https:\/\/eabreinhausen.com\/?page_id=1558"},"modified":"2020-12-22T09:09:07","modified_gmt":"2020-12-22T08:09:07","slug":"a-propos-de-nous","status":"publish","type":"page","link":"https:\/\/eabreinhausen.com\/fr\/a-propos-de-nous\/","title":{"rendered":"\u00c0 propos de nous"},"content":{"rendered":"<h2>\u00c0 propos de EAB Reinhausen GmbH<\/h2>\n<p>Nos clients appr\u00e9cient la suppression des diff\u00e9rents effets de mat\u00e9riaux que nous avons d\u00e9velopp\u00e9s car le transport de mat\u00e9riaux sp\u00e9ciaux est rendu possible sans aucun dysfonctionnement.<\/p>\n<p>Nous sommes une Soci\u00e9t\u00e9 allemande qui fabrique des d\u00e9tecteurs de m\u00e9taux pour une application universelle dans les petites productions. Les connaissances acquises en 40 ans, le plus grand souci de la production, l&rsquo;enthousiasme pour les t\u00e2ches nouvelles et non r\u00e9solues &#8211; c&rsquo;est ce qui incite les entreprises du monde entier \u00e0 utiliser nos services.<\/p>\n<p>Entre autres, nous nous occupons de l&rsquo;\u00e9limination de divers effets mat\u00e9riels n\u00e9cessaires lors de l&rsquo;extraction de mat\u00e9riaux tr\u00e8s sp\u00e9cifiques.<\/p>\n<h2>Dynamique et ouvert &#8211; votre partenaire d&rsquo;avenir<\/h2>\n<p>L&rsquo;ouverture au nouveau se refl\u00e8te dans la dynamique de notre Soci\u00e9t\u00e9, qui se caract\u00e9rise par l&rsquo;utilisation de la technologie moderne et la qualit\u00e9 de l&rsquo;ex\u00e9cution. En outre, si n\u00e9cessaire, afin d&rsquo;assurer l&rsquo;installation correcte de nos d\u00e9tecteurs de m\u00e9taux, nous pouvons vous fournir des dessins d&rsquo;installation.<\/p>\n<h2>O\u00f9 nous nous trouvons d\u00e9j\u00e0<\/h2>\n<p>EAB Reinhausen GmbH collabore activement avec des entreprises du monde entier dans les domaines du traitement du charbon, de la pierre et du minerai de fer, de l&rsquo;exploitation mini\u00e8re et du traitement des d\u00e9chets.<\/p>\n<p>Les plus grands march\u00e9s de vente sont l&rsquo;Europe, les \u00c9tats-Unis et l&rsquo;Am\u00e9rique du Sud.<\/p>\n<h2>R\u00e9seau solide et fiable<\/h2>\n<p>EAB Reinhausen GmbH s&rsquo;appuie sur des soci\u00e9t\u00e9s sp\u00e9cialis\u00e9es de la r\u00e9gion pour se procurer des mat\u00e9riaux.<\/p>\n<p>Cela conduit \u00e0 une am\u00e9lioration de l&rsquo;\u00e9conomie r\u00e9gionale et contrecarre les retards soudains d&rsquo;approvisionnement, voire d&rsquo;autres probl\u00e8mes.<\/p>\n<p>Ainsi, dans le pass\u00e9, nous avons pu g\u00e9rer de mani\u00e8re flexible de gros volumes de commandes et installer les produits chez nos clients \u00e0 temps.<\/p>\n<h2>Une qualit\u00e9 qui porte ses fruits<\/h2>\n<p>EAB Reinhausen GmbH est \u00e9galement connue pour son contr\u00f4le qualit\u00e9 complet, qui d\u00e9tecte les erreurs de fabrication lors des essais, de sorte que nous fournissons toujours au client un produit irr\u00e9prochable.<\/p>\n<p>De plus, nous n&rsquo;utilisons que des composants de haute qualit\u00e9 et fiables, \u00e0 la fois \u00e9lectriques et m\u00e9caniques, qui nous permettent de faire fonctionner nos appareils pendant plus de 20 ans.<\/p>\n","protected":false},"excerpt":{"rendered":"<p>\u00c0 propos de EAB Reinhausen GmbH Nos clients appr\u00e9cient la suppression des diff\u00e9rents effets de mat\u00e9riaux que nous avons d\u00e9velopp\u00e9s car le transport de mat\u00e9riaux sp\u00e9ciaux est rendu possible sans aucun dysfonctionnement. Nous sommes une Soci\u00e9t\u00e9 allemande qui fabrique des d\u00e9tecteurs de m\u00e9taux pour une application universelle dans les petites productions. Les connaissances acquises en&#8230;<\/p>\n","protected":false},"author":6,"featured_media":0,"parent":0,"menu_order":40,"comment_status":"closed","ping_status":"closed","template":"","meta":{"footnotes":""},"yst_prominent_words":[838,777,829,691,690,689,38,61,60,775,692,839,832,840,841,837,842,835,34,62],"class_list":["post-1558","page","type-page","status-publish","hentry"],"_links":{"self":[{"href":"https:\/\/eabreinhausen.com\/fr\/wp-json\/wp\/v2\/pages\/1558","targetHints":{"allow":["GET"]}}],"collection":[{"href":"https:\/\/eabreinhausen.com\/fr\/wp-json\/wp\/v2\/pages"}],"about":[{"href":"https:\/\/eabreinhausen.com\/fr\/wp-json\/wp\/v2\/types\/page"}],"author":[{"embeddable":true,"href":"https:\/\/eabreinhausen.com\/fr\/wp-json\/wp\/v2\/users\/6"}],"replies":[{"embeddable":true,"href":"https:\/\/eabreinhausen.com\/fr\/wp-json\/wp\/v2\/comments?post=1558"}],"version-history":[{"count":4,"href":"https:\/\/eabreinhausen.com\/fr\/wp-json\/wp\/v2\/pages\/1558\/revisions"}],"predecessor-version":[{"id":1562,"href":"https:\/\/eabreinhausen.com\/fr\/wp-json\/wp\/v2\/pages\/1558\/revisions\/1562"}],"wp:attachment":[{"href":"https:\/\/eabreinhausen.com\/fr\/wp-json\/wp\/v2\/media?parent=1558"}],"wp:term":[{"taxonomy":"yst_prominent_words","embeddable":true,"href":"https:\/\/eabreinhausen.com\/fr\/wp-json\/wp\/v2\/yst_prominent_words?post=1558"}],"curies":[{"name":"wp","href":"https:\/\/api.w.org\/{rel}","templated":true}]}}