{"id":1840,"date":"2020-12-24T06:42:22","date_gmt":"2020-12-24T05:42:22","guid":{"rendered":"https:\/\/eabreinhausen.com\/?page_id=1840"},"modified":"2021-06-17T16:24:16","modified_gmt":"2021-06-17T14:24:16","slug":"eab-reinhausen-gmbh","status":"publish","type":"page","link":"https:\/\/eabreinhausen.com\/it\/","title":{"rendered":"EAB Reinhausen GmbH"},"content":{"rendered":"<div class=\"row \"><div class=\"wpv-grid grid-1-1 upa-home1 wpv-first-level first unextended\" style=\"padding-top:0px;padding-bottom:0px\" id=\"wpv-column-1d7309d37eceff39a46c888c9400f08e\" ><div class=\"push\" style='height:30px'><\/div>\n<h1>Rilevatori di metalli e metal detector industriali dalla Germania<\/h1>\n<p>Nell&#8217;industria si utilizzano spesso rilevatori di metalli e metal detector. \u00c8 un&#8217;apparecchiatura speciale con la quale \u00e8 possibile di rilevare la presenza di inclusioni estranee sotto forma di metallo in materie prime da trasformare.<\/p>\n<p>I tali impianti e gli dispositivi mobili sono ampiamente utilizzati per proteggere macchine e impianti di produzione da danni:<br \/>\nTutti i frammenti metallici e i frammenti contenenti metalli vengono rimossi manualmente o con una presa magnetica. L&#8217;installazione di rilevatori di metalli industriali in produzione permette ad aumentare in un modo sostanziale la sua efficienza e la qualit\u00e0 di lavoro e proteggere attrezzature costose da guasti.<\/p>\n<h2>I rivelatori di metalli tedeschi EAB sono una scelta eccellente<\/h2>\n<p>I nostri impianti sono installati in medie aziende e grandi aziende in tutto il mondo e garantiscono un funzionamento affidabile e continuo. L&#8217;impianti sono predisposti per ampia gamma di applicazioni e possono rilevare corpi estranei indesiderabili e dannosi nelle vicinanze del minerale contenete di magnetite.<\/p>\n<div class=\"push\" style='height:10px'><\/div>\n<h2>La storia dell&#8217;azienda<\/h2>\n<p>Elektroanlagenbau Reinhausen \u00e8 stata fondata nel 1978 da Gerhard Kassel e Jurgen Zimmermann ed \u00e8 sempre stata nota per i suoi rivelatori di metalli industriali funzionali e di alta qualit\u00e0.<\/p>\n<p>Negli ultimi 40 anni, l&#8217;azienda ha creato un portafoglio di prodotti significativo che include la produzione e la manutenzione d&#8217;impianti affidabili per molti settori d&#8217;industria.<\/p>\n<p>Nel maggio 2018, l&#8217;ingegnere Viktor Gerber ha acquisito l&#8217;azienda sotto la sua gestione, rinominandola in seguito in EAB Reinhausen GmbH.<\/div><\/div>\n","protected":false},"excerpt":{"rendered":"<p>Rilevatori di metalli e metal detector industriali dalla Germania Nell&#8217;industria si utilizzano spesso rilevatori di metalli e metal detector. \u00c8 un&#8217;apparecchiatura speciale con la quale \u00e8 possibile di rilevare la presenza di inclusioni estranee sotto forma di metallo in materie prime da trasformare. I tali impianti e gli dispositivi mobili sono ampiamente utilizzati per proteggere&#8230;<\/p>\n","protected":false},"author":6,"featured_media":0,"parent":0,"menu_order":1,"comment_status":"closed","ping_status":"closed","template":"","meta":{"footnotes":""},"yst_prominent_words":[1022,1018,1015,1013,1032,1036,1024,1020,1029,1037,1025,1023,1019,1016,1034,1021,1017,1014,1012,1033],"class_list":["post-1840","page","type-page","status-publish","hentry"],"_links":{"self":[{"href":"https:\/\/eabreinhausen.com\/it\/wp-json\/wp\/v2\/pages\/1840","targetHints":{"allow":["GET"]}}],"collection":[{"href":"https:\/\/eabreinhausen.com\/it\/wp-json\/wp\/v2\/pages"}],"about":[{"href":"https:\/\/eabreinhausen.com\/it\/wp-json\/wp\/v2\/types\/page"}],"author":[{"embeddable":true,"href":"https:\/\/eabreinhausen.com\/it\/wp-json\/wp\/v2\/users\/6"}],"replies":[{"embeddable":true,"href":"https:\/\/eabreinhausen.com\/it\/wp-json\/wp\/v2\/comments?post=1840"}],"version-history":[{"count":4,"href":"https:\/\/eabreinhausen.com\/it\/wp-json\/wp\/v2\/pages\/1840\/revisions"}],"predecessor-version":[{"id":2203,"href":"https:\/\/eabreinhausen.com\/it\/wp-json\/wp\/v2\/pages\/1840\/revisions\/2203"}],"wp:attachment":[{"href":"https:\/\/eabreinhausen.com\/it\/wp-json\/wp\/v2\/media?parent=1840"}],"wp:term":[{"taxonomy":"yst_prominent_words","embeddable":true,"href":"https:\/\/eabreinhausen.com\/it\/wp-json\/wp\/v2\/yst_prominent_words?post=1840"}],"curies":[{"name":"wp","href":"https:\/\/api.w.org\/{rel}","templated":true}]}}