{"id":1853,"date":"2020-12-24T06:42:28","date_gmt":"2020-12-24T05:42:28","guid":{"rendered":"https:\/\/eabreinhausen.com\/?page_id=1853"},"modified":"2020-12-29T07:55:15","modified_gmt":"2020-12-29T06:55:15","slug":"psq-ra","status":"publish","type":"page","link":"https:\/\/eabreinhausen.com\/it\/prodotti\/psq-ra\/","title":{"rendered":"PSQ RA"},"content":{"rendered":"<ol>\n<li>Informazioni di base<\/li>\n<\/ol>\n<p>I metal detector serie PSQ \/ RA (sensore telaio) e PSQ \/ RO (sensore a nastro inferiore) rilevano tutti i tipi di metalli inclusi alluminio, acciaio VA, rame e ferro dolce. I dispositivi sono caratterizzati da una sensibilit\u00e0 quasi uniforme nello strato di materiale. Parti metalliche da medio a grande. (da dado in acciaio M40)<\/p>\n<p>L&#8217;uso di questi rivelatori di metalli pu\u00f2 aiutare a ridurre i costi fornendo una migliore protezione per dispositivi e macchine sensibili.<\/p>\n<ol start=\"2\">\n<li>Funzione<\/li>\n<\/ol>\n<p>Il campo elettromagnetico alternato penetra nel nastro trasportatore e nel materiale trasportato. Quando una parte metallica entra in questo campo, si formano distorsioni che portano a disattivazione. Un rinforzatore registra questa modifica e consente al rel\u00e8 di compensazione di funzionare per soli 0,5 secondi. Dopo di che il rel\u00e8 \u00e8 pronto per l&#8217;ulteriore segnalazione su metallo. La dimensione delle parti metalliche pu\u00f2 essere regolata gradualmente.<\/p>\n<ol start=\"3\">\n<li>Costruzione<\/li>\n<\/ol>\n<p>I rivelatore di metalle \u00e8 composto da una sonda e da l&#8217;unit\u00e0 di controllo. Entrambi i componenti sono collegati tra loro con un cavo coassiale. L&#8217;unit\u00e0 di controllo contiene nodi elettronici ed elementi di controllo. Si trovano chiaramente sul pannello anteriore e sono accessibili dopo aver aperto la porta dell&#8217;armadio. Il corpo \u00e8 predisposto per il montaggio a parete. La sonda a telaio \u00e8 disponibile in vari modelli. Il telaio della sonda \u00e8 divisibile, non \u00e8 necessario tagliare la cintura. L&#8217;assemblaggio della struttura del nastro trasportatore \u00e8 molto semplice e viene completato in breve tempo. Materiali ad alta resistenza come poliammide, polietilene e V2A garantiscono affidabilit\u00e0 e durabilit\u00e0.<\/p>\n<ol start=\"4\">\n<li>Vantaggi<\/li>\n<\/ol>\n<ul>\n<li>Struttura robusta e resistente alle vibrazioni<\/li>\n<li>Materiali resistenti della sonda<\/li>\n<li>Display integrato per il controllo di funzioni<\/li>\n<li>Sonda estraibile, non tagliare la cintura<\/li>\n<li>Montaggio semplice e veloce su nastro trasportatore.<\/li>\n<li>Affidabile anche con convertitori di frequenza e radio commerciali<\/li>\n<li>Sensibilit\u00e0 di risposta uniforme in campo di misura<\/li>\n<\/ul>\n<div style=\"float: left;\">\n<p class=\"western\"><span style=\"color: #000000;\"><span style=\"font-family: Futura, serif;\"><span style=\"font-size: small;\"><b>PSQ\/RA:<\/b><\/span><\/span><\/span><\/p>\n<p><img loading=\"lazy\" decoding=\"async\" class=\"alignleft wp-image-1322\" src=\"https:\/\/eabreinhausen.com\/wp-content\/uploads\/1.jpg\" alt=\"\" width=\"400\" height=\"300\" srcset=\"https:\/\/eabreinhausen.com\/wp-content\/uploads\/1.jpg 1024w, https:\/\/eabreinhausen.com\/wp-content\/uploads\/1-768x576.jpg 768w, https:\/\/eabreinhausen.com\/wp-content\/uploads\/1-615x461.jpg 615w, https:\/\/eabreinhausen.com\/wp-content\/uploads\/1-400x300.jpg 400w, https:\/\/eabreinhausen.com\/wp-content\/uploads\/1-292x219.jpg 292w\" sizes=\"auto, (max-width: 400px) 100vw, 400px\" \/><\/p>\n<\/div>\n<div style=\"float: left;\">\n<p class=\"western\"><span style=\"color: #000000;\"><span style=\"font-family: Futura, serif;\"><span style=\"font-size: small;\"><b>PSQ\/RO:<\/b><\/span><\/span><\/span><\/p>\n<p><img loading=\"lazy\" decoding=\"async\" class=\"alignleft wp-image-1325\" src=\"https:\/\/eabreinhausen.com\/wp-content\/uploads\/2.jpg\" alt=\"A\" width=\"400\" height=\"300\" srcset=\"https:\/\/eabreinhausen.com\/wp-content\/uploads\/2.jpg 783w, https:\/\/eabreinhausen.com\/wp-content\/uploads\/2-768x576.jpg 768w, https:\/\/eabreinhausen.com\/wp-content\/uploads\/2-615x461.jpg 615w, https:\/\/eabreinhausen.com\/wp-content\/uploads\/2-400x300.jpg 400w, https:\/\/eabreinhausen.com\/wp-content\/uploads\/2-292x219.jpg 292w\" sizes=\"auto, (max-width: 400px) 100vw, 400px\" \/><\/p>\n<\/div>\n","protected":false},"excerpt":{"rendered":"<p>Informazioni di base I metal detector serie PSQ \/ RA (sensore telaio) e PSQ \/ RO (sensore a nastro inferiore) rilevano tutti i tipi di metalli inclusi alluminio, acciaio VA, rame e ferro dolce. I dispositivi sono caratterizzati da una sensibilit\u00e0 quasi uniforme nello strato di materiale. Parti metalliche da medio a grande. (da dado&#8230;<\/p>\n","protected":false},"author":6,"featured_media":0,"parent":1844,"menu_order":0,"comment_status":"closed","ping_status":"closed","template":"","meta":{"footnotes":""},"yst_prominent_words":[1085,1077,1080,1070,1022,1074,1073,1069,775,1082,1076,1072,1071,1083,568,1030,1081,1079,1075,885],"class_list":["post-1853","page","type-page","status-publish","hentry"],"_links":{"self":[{"href":"https:\/\/eabreinhausen.com\/it\/wp-json\/wp\/v2\/pages\/1853","targetHints":{"allow":["GET"]}}],"collection":[{"href":"https:\/\/eabreinhausen.com\/it\/wp-json\/wp\/v2\/pages"}],"about":[{"href":"https:\/\/eabreinhausen.com\/it\/wp-json\/wp\/v2\/types\/page"}],"author":[{"embeddable":true,"href":"https:\/\/eabreinhausen.com\/it\/wp-json\/wp\/v2\/users\/6"}],"replies":[{"embeddable":true,"href":"https:\/\/eabreinhausen.com\/it\/wp-json\/wp\/v2\/comments?post=1853"}],"version-history":[{"count":3,"href":"https:\/\/eabreinhausen.com\/it\/wp-json\/wp\/v2\/pages\/1853\/revisions"}],"predecessor-version":[{"id":1858,"href":"https:\/\/eabreinhausen.com\/it\/wp-json\/wp\/v2\/pages\/1853\/revisions\/1858"}],"up":[{"embeddable":true,"href":"https:\/\/eabreinhausen.com\/it\/wp-json\/wp\/v2\/pages\/1844"}],"wp:attachment":[{"href":"https:\/\/eabreinhausen.com\/it\/wp-json\/wp\/v2\/media?parent=1853"}],"wp:term":[{"taxonomy":"yst_prominent_words","embeddable":true,"href":"https:\/\/eabreinhausen.com\/it\/wp-json\/wp\/v2\/yst_prominent_words?post=1853"}],"curies":[{"name":"wp","href":"https:\/\/api.w.org\/{rel}","templated":true}]}}