{"id":1859,"date":"2020-12-24T06:42:31","date_gmt":"2020-12-24T05:42:31","guid":{"rendered":"https:\/\/eabreinhausen.com\/?page_id=1859"},"modified":"2020-12-29T07:55:05","modified_gmt":"2020-12-29T06:55:05","slug":"sc-scta","status":"publish","type":"page","link":"https:\/\/eabreinhausen.com\/it\/prodotti\/sc-scta\/","title":{"rendered":"SC \/ SCTA"},"content":{"rendered":"<ol>\n<li>Informazioni di base<\/li>\n<\/ol>\n<p>I rivelatori di metalli della serie SC (con una singola sonda), SCTA (con una sonda tandem) registrano tutti i metalli ferrosi e non ferrosi (dal dado in acciaio M4) in merci trasportate e si distinguono dell&#8217;alta sensibilit\u00e0.<\/p>\n<p>Ci\u00f2 significa: riduzione dei costi e maggiore produttivit\u00e0 grazie alla protezione ottimale delle attrezzature sensibili.<\/p>\n<ol start=\"2\">\n<li>Funzione<\/li>\n<\/ol>\n<p>L&#8217;unit\u00e0 di controllo fornisce alla sonda una tensione alternata ad alta frequenza. Il campo elettromagnetico si genera perpendicolarmente alla superficie polare della sonda, le cui linee passano attraverso il materiale trasportato. Solo le parti metalliche contenute nel materiale trasportato modificano la curvatura e lo smorzamento delle linee di forza. Il segnale di misura, ottenuta in questo caso, fa il rel\u00e8 di uscita per segnalare metallo per 0,5 s. La dimensione del metallo, che deve rispondere rivelatore, pu\u00f2 essere lentamente regolato. Autocontrollo automatico incorporato controlla costantemente se il rilevatore di metallo funziona correttamente. \u0417. Se, ad esempio, il cavo di collegamento \u00e8 interrotto o un componente elettronico dell&#8217;unit\u00e0 di controllo si guasta, il secondo rel\u00e8 di uscita segnala un&#8217;anomalia prevista. Il pulsante di controllo incorporato delle funzioni simula parti metalliche. Ci\u00f2 consente di verificare rapidamente e facilmente la funzionalit\u00e0 del segnalatore fino ad un controllo collegato.<\/p>\n<ol start=\"3\">\n<li>Costruzione<\/li>\n<\/ol>\n<p>I rivelatore di metalle \u00e8 composto da una sonda e da l&#8217;unit\u00e0 di controllo. Entrambi i componenti sono collegati tra loro con due cavi di collegamento. La sonda \u00e8 modellata in un modo compatto in una piastra di polietilene solida e fabbricata per la larghezza del nastro. Il montaggio sul nastro di trasportatore \u00e8 semplice e veloce. Sono disponibili sonde singole e tandem. Una singola sonda a cremagliera \u00e8 fissata sotto la cinghia. Al contrario, una sonda tandem \u00e8 costituita da due piastre sonda, una montata sotto il nastro e l&#8217;altra sopra il nastro con spessore. La sonda tandem \u00e8 particolarmente consigliata per altezze di scarico elevate o requisiti di alta sensibilit\u00e0. I spessori della sonda tandem sono prodotti per adattarsi all&#8217;altezza di scarico. Una singola sonda pu\u00f2 anche essere convertita in una sonda tandem: la sonda e i due spessori devono essere riordinati e assemblati.<\/p>\n<ol start=\"4\">\n<li>Vantaggi<\/li>\n<\/ol>\n<ul>\n<li>Struttura robusta e resistente alle vibrazioni<\/li>\n<li>Installazione facile e veloce sotto o sopra il nastro<\/li>\n<li>Visualizza metalli ferrosi e non ferrosi<\/li>\n<li>Versione separata e chiusa della sonda<\/li>\n<li>Le dimensioni della sonda corrispondono al nastro di trasportatore<\/li>\n<li>Design speciale per compensare gli effetti del prodotto come coke, fogli di alluminio e altri prodotti con segmenti conduttivi<\/li>\n<li>Materiali resistenti della sonda<\/li>\n<li>Display integrato per il controllo di funzioni<\/li>\n<li>Il pulsante d&#8217;autocontrollo automatico e di controllo di funzioni<\/li>\n<\/ul>\n<p><img loading=\"lazy\" decoding=\"async\" class=\"wp-image-1356 alignleft\" src=\"https:\/\/eabreinhausen.com\/wp-content\/uploads\/1.png\" alt=\"\" width=\"400\" height=\"222\" srcset=\"https:\/\/eabreinhausen.com\/wp-content\/uploads\/1.png 549w, https:\/\/eabreinhausen.com\/wp-content\/uploads\/1-400x222.png 400w, https:\/\/eabreinhausen.com\/wp-content\/uploads\/1-292x162.png 292w\" sizes=\"auto, (max-width: 400px) 100vw, 400px\" \/><\/p>\n<p><img loading=\"lazy\" decoding=\"async\" class=\"wp-image-1359 alignleft\" src=\"https:\/\/eabreinhausen.com\/wp-content\/uploads\/2.png\" alt=\"\" width=\"400\" height=\"301\" srcset=\"https:\/\/eabreinhausen.com\/wp-content\/uploads\/2.png 507w, https:\/\/eabreinhausen.com\/wp-content\/uploads\/2-400x301.png 400w, https:\/\/eabreinhausen.com\/wp-content\/uploads\/2-292x219.png 292w\" sizes=\"auto, (max-width: 400px) 100vw, 400px\" \/><\/p>\n","protected":false},"excerpt":{"rendered":"<p>Informazioni di base I rivelatori di metalli della serie SC (con una singola sonda), SCTA (con una sonda tandem) registrano tutti i metalli ferrosi e non ferrosi (dal dado in acciaio M4) in merci trasportate e si distinguono dell&#8217;alta sensibilit\u00e0. Ci\u00f2 significa: riduzione dei costi e maggiore produttivit\u00e0 grazie alla protezione ottimale delle attrezzature sensibili&#8230;.<\/p>\n","protected":false},"author":6,"featured_media":0,"parent":1844,"menu_order":0,"comment_status":"closed","ping_status":"closed","template":"","meta":{"footnotes":""},"yst_prominent_words":[1109,1080,1070,1107,1106,1104,1069,1105,1103,1102,1108,1088,1098,595,1095,1100,1097,1092,1096,1093],"class_list":["post-1859","page","type-page","status-publish","hentry"],"_links":{"self":[{"href":"https:\/\/eabreinhausen.com\/it\/wp-json\/wp\/v2\/pages\/1859","targetHints":{"allow":["GET"]}}],"collection":[{"href":"https:\/\/eabreinhausen.com\/it\/wp-json\/wp\/v2\/pages"}],"about":[{"href":"https:\/\/eabreinhausen.com\/it\/wp-json\/wp\/v2\/types\/page"}],"author":[{"embeddable":true,"href":"https:\/\/eabreinhausen.com\/it\/wp-json\/wp\/v2\/users\/6"}],"replies":[{"embeddable":true,"href":"https:\/\/eabreinhausen.com\/it\/wp-json\/wp\/v2\/comments?post=1859"}],"version-history":[{"count":2,"href":"https:\/\/eabreinhausen.com\/it\/wp-json\/wp\/v2\/pages\/1859\/revisions"}],"predecessor-version":[{"id":1863,"href":"https:\/\/eabreinhausen.com\/it\/wp-json\/wp\/v2\/pages\/1859\/revisions\/1863"}],"up":[{"embeddable":true,"href":"https:\/\/eabreinhausen.com\/it\/wp-json\/wp\/v2\/pages\/1844"}],"wp:attachment":[{"href":"https:\/\/eabreinhausen.com\/it\/wp-json\/wp\/v2\/media?parent=1859"}],"wp:term":[{"taxonomy":"yst_prominent_words","embeddable":true,"href":"https:\/\/eabreinhausen.com\/it\/wp-json\/wp\/v2\/yst_prominent_words?post=1859"}],"curies":[{"name":"wp","href":"https:\/\/api.w.org\/{rel}","templated":true}]}}