{"id":1473,"date":"2020-11-17T14:16:46","date_gmt":"2020-11-17T13:16:46","guid":{"rendered":"https:\/\/eabreinhausen.com\/?page_id=1473"},"modified":"2021-06-17T16:25:10","modified_gmt":"2021-06-17T14:25:10","slug":"eab-reinhausen-gmbh","status":"publish","type":"page","link":"https:\/\/eabreinhausen.com\/pt-pt\/","title":{"rendered":"P\u00e1gina principal"},"content":{"rendered":"<div class=\"row \"><div class=\"wpv-grid grid-1-1 upa-home1 wpv-first-level first unextended\" style=\"padding-top:0px;padding-bottom:0px\" id=\"wpv-column-86e2a36de18b14ca38776f737cf08141\" ><div class=\"push\" style='height:30px'><\/div>\n<h1>Detectores de metais industriais da Alemanha<\/h1>\n<p>Estes aparelhos s\u00e3o utilizados com freq\u00fc\u00eancia em linhas de produ\u00e7\u00e3o da\u00a0ind\u00fastria. \u00c9 um equipamento especial com o qual \u00e9 poss\u00edvel detectar a presen\u00e7a de pequenas part\u00edculas met\u00e1licas que possam estar contaminando as mat\u00e9rias-primas processadas.<\/p>\n<p>Essas instala\u00e7\u00f5es e dispositivos m\u00f3veis s\u00e3o amplamente usados \u200b\u200bpara proteger as m\u00e1quinas e instala\u00e7\u00f5es de produ\u00e7\u00e3o contra danos:<br \/>\nTodos os metais e fragmentos contendo metais s\u00e3o removidos manualmente ou com levantador magn\u00e9tico. A instala\u00e7\u00e3o de detectores de metais industriais na produ\u00e7\u00e3o permite aumentar significativamente a efici\u00eancia e a qualidade de trabalho, e proteger os equipamentos de valor contra quebras.<\/p>\n<h2>Detectores de metal EAB de fabrica\u00e7\u00e3o alem\u00e3 s\u00e3o uma excelente escolha<\/h2>\n<p>Nossos equipamentos est\u00e3o instalados em empresas de m\u00e9dio e grande porte em todo o mundo e proporcionam \u00e0 longo prazo um funcionamento bom e confi\u00e1vel. Os dispositivos tem uma ampla gama de aplica\u00e7\u00f5es e podem detectar corpos estranhos indesej\u00e1veis \u200b\u200be prejudiciais nas proximidades do min\u00e9rio contendo magnetita.<\/p>\n<h2>Hist\u00f3ria da nossa empresa<\/h2>\n<p>A Elektroanlagenbau Reinhausen foi fundada em 1978 pela conjun\u00e7\u00e3o dos esfor\u00e7os de Gerhard Kassel e J\u00fcrgen Zimmermann, e sempre foi renomada por seus detectores de metais industriais, funcionais e de alta qualidade.<\/p>\n<p>Nos \u00faltimos 40 anos, a empresa produziu um portf\u00f3lio significativo de produtos que inclui fabrica\u00e7\u00e3o e manuten\u00e7\u00e3o de dispositivos confi\u00e1veis \u200b\u200bpara muitos setores industriais.<\/p>\n<p>Em maio de 2018, o engenheiro Viktor Gerber adquiriu a empresa sob sua gest\u00e3o, renomeando-a posteriormente EAB Reinhausen GmbH.<\/div><\/div>\n","protected":false},"excerpt":{"rendered":"<p>Detectores de metais industriais da Alemanha Estes aparelhos s\u00e3o utilizados com freq\u00fc\u00eancia em linhas de produ\u00e7\u00e3o da\u00a0ind\u00fastria. \u00c9 um equipamento especial com o qual \u00e9 poss\u00edvel detectar a presen\u00e7a de pequenas part\u00edculas met\u00e1licas que possam estar contaminando as mat\u00e9rias-primas processadas. Essas instala\u00e7\u00f5es e dispositivos m\u00f3veis s\u00e3o amplamente usados \u200b\u200bpara proteger as m\u00e1quinas e instala\u00e7\u00f5es de&#8230;<\/p>\n","protected":false},"author":6,"featured_media":0,"parent":0,"menu_order":1,"comment_status":"closed","ping_status":"closed","template":"","meta":{"footnotes":""},"yst_prominent_words":[519,296,505,503,507,517,510,504,502,501,514,509,516,511,508,506,515,513,518,512],"class_list":["post-1473","page","type-page","status-publish","hentry"],"_links":{"self":[{"href":"https:\/\/eabreinhausen.com\/pt-pt\/wp-json\/wp\/v2\/pages\/1473","targetHints":{"allow":["GET"]}}],"collection":[{"href":"https:\/\/eabreinhausen.com\/pt-pt\/wp-json\/wp\/v2\/pages"}],"about":[{"href":"https:\/\/eabreinhausen.com\/pt-pt\/wp-json\/wp\/v2\/types\/page"}],"author":[{"embeddable":true,"href":"https:\/\/eabreinhausen.com\/pt-pt\/wp-json\/wp\/v2\/users\/6"}],"replies":[{"embeddable":true,"href":"https:\/\/eabreinhausen.com\/pt-pt\/wp-json\/wp\/v2\/comments?post=1473"}],"version-history":[{"count":5,"href":"https:\/\/eabreinhausen.com\/pt-pt\/wp-json\/wp\/v2\/pages\/1473\/revisions"}],"predecessor-version":[{"id":2204,"href":"https:\/\/eabreinhausen.com\/pt-pt\/wp-json\/wp\/v2\/pages\/1473\/revisions\/2204"}],"wp:attachment":[{"href":"https:\/\/eabreinhausen.com\/pt-pt\/wp-json\/wp\/v2\/media?parent=1473"}],"wp:term":[{"taxonomy":"yst_prominent_words","embeddable":true,"href":"https:\/\/eabreinhausen.com\/pt-pt\/wp-json\/wp\/v2\/yst_prominent_words?post=1473"}],"curies":[{"name":"wp","href":"https:\/\/api.w.org\/{rel}","templated":true}]}}