{"id":1487,"date":"2020-11-23T07:39:41","date_gmt":"2020-11-23T06:39:41","guid":{"rendered":"https:\/\/eabreinhausen.com\/?page_id=1487"},"modified":"2020-12-22T09:13:14","modified_gmt":"2020-12-22T08:13:14","slug":"sc-scta","status":"publish","type":"page","link":"https:\/\/eabreinhausen.com\/pt-pt\/produtos\/sc-scta\/","title":{"rendered":"SC \/ SCTA"},"content":{"rendered":"<ol>\n<li>Informa\u00e7\u00e3o principal<\/li>\n<\/ol>\n<p>Os detectores de metais da s\u00e9rie SC (com uma \u00fanica sonda), SCTA (com uma sonda tandem) registram todos os metais ferrosos e n\u00e3o ferrosos (porca de a\u00e7o M4) em mercadorias transportadas e s\u00e3o altamente sens\u00edveis.<\/p>\n<p>Isso significa: custos mais baixos e maior produtividade por meio da prote\u00e7\u00e3o ideal de equipamentos sens\u00edveis.<\/p>\n<ol start=\"2\">\n<li>Fun\u00e7\u00e3o<\/li>\n<\/ol>\n<p>O detector de metais consiste em uma sonda e uma unidade de controle. Ambos os componentes s\u00e3o conectados um ao outro com dois cabos de conex\u00e3o. A sonda \u00e9 moldada compactamente em uma placa de polietileno s\u00f3lida e fabricada na largura da correia. A montagem em uma correia transportadora \u00e9 r\u00e1pida e f\u00e1cil. As sondas simples e tandem est\u00e3o dispon\u00edveis. Uma \u00fanica sonda de cremalheira \u00e9 instalada sob a correia. Em contraste, uma sonda tandem consiste em duas placas de sonda, uma montada embaixo da correia e a outra acima da correia com espa\u00e7adores. A sonda tandem \u00e9 especialmente recomendada para grandes alturas de descarga ou requisitos de alta sensibilidade. As juntas da sonda em tandem s\u00e3o fabricadas para se adequar \u00e0 altura de descarga. Uma \u00fanica sonda tamb\u00e9m pode ser convertida em uma sonda tandem posteriormente &#8211; a sonda e os dois espa\u00e7adores simplesmente precisam ser reordenados e remontados.<\/p>\n<ol start=\"3\">\n<li>Constru\u00e7\u00e3o<\/li>\n<\/ol>\n<p>O detector de metais consiste em uma sonda e uma unidade de controle. Ambos os componentes s\u00e3o conectados um ao outro com um cabo de conex\u00e3o. A sonda \u00e9 moldada compactamente em uma placa de polietileno s\u00f3lida e fabricada na largura da correia. A montagem em uma correia transportadora \u00e9 r\u00e1pida e f\u00e1cil. As sondas simples e tandem est\u00e3o dispon\u00edveis. Uma \u00fanica sonda de cremalheira \u00e9 instalada sob a correia. Em contraste, uma sonda tandem consiste em duas placas de sonda, uma montada embaixo da correia e a outra acima da correia com espa\u00e7adores. A sonda tandem \u00e9 especialmente recomendada para grandes alturas de descarga ou requisitos de alta sensibilidade. As juntas da sonda em tandem s\u00e3o fabricadas para se adequar \u00e0 altura de descarga. Uma \u00fanica sonda tamb\u00e9m pode ser convertida em uma sonda tandem posteriormente &#8211; a sonda e os dois espa\u00e7adores simplesmente precisam ser reordenados e remontados.<\/p>\n<ol start=\"4\">\n<li>Vantagens<\/li>\n<\/ol>\n<ul>\n<li>Design robusto e resistente \u00e0 vibra\u00e7\u00e3o<\/li>\n<li>Instala\u00e7\u00e3o f\u00e1cil e r\u00e1pida sob ou sobre a correia<\/li>\n<li>Exibe metais ferrosos e n\u00e3o ferrosos<\/li>\n<li>Vers\u00e3o separada e fechada da sonda<\/li>\n<li>As dimens\u00f5es da sonda correspondem \u00e0 correia transportadora<\/li>\n<li>Projeto especial para compensar os efeitos do produto, tais como: coque, folha de alum\u00ednio e outros produtos com segmentos condutores<\/li>\n<li>Materiais de sonda resistentes<\/li>\n<li>Display integrado para controle de fun\u00e7\u00e3o<\/li>\n<li>Bot\u00e3o de controle de fun\u00e7\u00e3o e autocontrole autom\u00e1tico<\/li>\n<\/ul>\n<p><img loading=\"lazy\" decoding=\"async\" class=\"wp-image-1354 alignleft\" src=\"https:\/\/eabreinhausen.com\/wp-content\/uploads\/1.png\" alt=\"\" width=\"400\" height=\"222\" srcset=\"https:\/\/eabreinhausen.com\/wp-content\/uploads\/1.png 549w, https:\/\/eabreinhausen.com\/wp-content\/uploads\/1-400x222.png 400w, https:\/\/eabreinhausen.com\/wp-content\/uploads\/1-292x162.png 292w\" sizes=\"auto, (max-width: 400px) 100vw, 400px\" \/><\/p>\n<p><img loading=\"lazy\" decoding=\"async\" class=\"wp-image-1357 alignleft\" src=\"https:\/\/eabreinhausen.com\/wp-content\/uploads\/2.png\" alt=\"\" width=\"400\" height=\"301\" srcset=\"https:\/\/eabreinhausen.com\/wp-content\/uploads\/2.png 507w, https:\/\/eabreinhausen.com\/wp-content\/uploads\/2-400x301.png 400w, https:\/\/eabreinhausen.com\/wp-content\/uploads\/2-292x219.png 292w\" sizes=\"auto, (max-width: 400px) 100vw, 400px\" \/><\/p>\n","protected":false},"excerpt":{"rendered":"<p>Informa\u00e7\u00e3o principal Os detectores de metais da s\u00e9rie SC (com uma \u00fanica sonda), SCTA (com uma sonda tandem) registram todos os metais ferrosos e n\u00e3o ferrosos (porca de a\u00e7o M4) em mercadorias transportadas e s\u00e3o altamente sens\u00edveis. Isso significa: custos mais baixos e maior produtividade por meio da prote\u00e7\u00e3o ideal de equipamentos sens\u00edveis. Fun\u00e7\u00e3o O&#8230;<\/p>\n","protected":false},"author":6,"featured_media":0,"parent":1477,"menu_order":0,"comment_status":"closed","ping_status":"closed","template":"","meta":{"footnotes":""},"yst_prominent_words":[613,617,608,606,605,615,612,618,609,607,622,616,604,620,614,611,619,610,594,593],"class_list":["post-1487","page","type-page","status-publish","hentry"],"_links":{"self":[{"href":"https:\/\/eabreinhausen.com\/pt-pt\/wp-json\/wp\/v2\/pages\/1487","targetHints":{"allow":["GET"]}}],"collection":[{"href":"https:\/\/eabreinhausen.com\/pt-pt\/wp-json\/wp\/v2\/pages"}],"about":[{"href":"https:\/\/eabreinhausen.com\/pt-pt\/wp-json\/wp\/v2\/types\/page"}],"author":[{"embeddable":true,"href":"https:\/\/eabreinhausen.com\/pt-pt\/wp-json\/wp\/v2\/users\/6"}],"replies":[{"embeddable":true,"href":"https:\/\/eabreinhausen.com\/pt-pt\/wp-json\/wp\/v2\/comments?post=1487"}],"version-history":[{"count":3,"href":"https:\/\/eabreinhausen.com\/pt-pt\/wp-json\/wp\/v2\/pages\/1487\/revisions"}],"predecessor-version":[{"id":1492,"href":"https:\/\/eabreinhausen.com\/pt-pt\/wp-json\/wp\/v2\/pages\/1487\/revisions\/1492"}],"up":[{"embeddable":true,"href":"https:\/\/eabreinhausen.com\/pt-pt\/wp-json\/wp\/v2\/pages\/1477"}],"wp:attachment":[{"href":"https:\/\/eabreinhausen.com\/pt-pt\/wp-json\/wp\/v2\/media?parent=1487"}],"wp:term":[{"taxonomy":"yst_prominent_words","embeddable":true,"href":"https:\/\/eabreinhausen.com\/pt-pt\/wp-json\/wp\/v2\/yst_prominent_words?post=1487"}],"curies":[{"name":"wp","href":"https:\/\/api.w.org\/{rel}","templated":true}]}}