{"id":1493,"date":"2020-11-17T14:45:35","date_gmt":"2020-11-17T13:45:35","guid":{"rendered":"https:\/\/eabreinhausen.com\/?page_id=1493"},"modified":"2020-12-22T09:13:04","modified_gmt":"2020-12-22T08:13:04","slug":"sq-sqta","status":"publish","type":"page","link":"https:\/\/eabreinhausen.com\/pt-pt\/produtos\/sq-sqta\/","title":{"rendered":"SQ \/ SQTA"},"content":{"rendered":"<ol>\n<li>Informa\u00e7\u00e3o principal<\/li>\n<\/ol>\n<p>As s\u00e9ries SQ (sonda \u00fanica) e SQTA (sonda tandem) de detectores de metal s\u00e3o dispositivos de prote\u00e7\u00e3o e controle. Eles s\u00e3o usados \u200b\u200bsempre onde devem ser indicados corpos estranhos de metais perigosos e alarmantes de pequeno a m\u00e9dio porte (desde porca de a\u00e7o M8) nas mercadorias transportadas.<br \/>\nNossos detectores de metal evitam quebras, interrup\u00e7\u00f5es na opera\u00e7\u00e3o e permitem que voc\u00ea economize significativamente em reparos.<\/p>\n<ol start=\"2\">\n<li>Fun\u00e7\u00e3o<\/li>\n<\/ol>\n<p>A unidade de controle gera tens\u00e3o alternada de alta frequ\u00eancia. Ele chega ao sensor por meio do cabo de conex\u00e3o. Um campo eletromagn\u00e9tico alternado \u00e9 criado, penetrando na correia e no material transportado. Se uma pe\u00e7a de metal entrar neste campo, ocorrem distor\u00e7\u00f5es, que levam ao desligamento. O amplificador registra essa altera\u00e7\u00e3o e alterna o rel\u00e9 de sa\u00edda para 500 ms. O rel\u00e9 de sa\u00edda tem dois contatos de comuta\u00e7\u00e3o sem potencial localizados em um bloco de terminais de f\u00e1cil acesso. O sinal &#8220;mensagem met\u00e1lica&#8221; pode ser processado adicionalmente a partir do bloco de terminais, por exemplo, B. para parar a correia transportadora ou controlar o PLC. A autoverifica\u00e7\u00e3o integrada verifica constantemente se o detector de metais est\u00e1 funcionando corretamente. \u0417. Por exemplo, em caso de ruptura do cabo de liga\u00e7\u00e3o ao sensor ou em caso de avaria do circuito da central, comuta-se o segundo rel\u00e9 de sa\u00edda, cujo contacto livre de potencial tamb\u00e9m est\u00e1 presente no bloco de terminais. A mensagem met\u00e1lica pode ser simulada usando o bot\u00e3o de controle de fun\u00e7\u00e3o. Isso torna r\u00e1pido e f\u00e1cil verificar o controle conectado ao detector de metais. O comissionamento dos detectores de metal EAB SQ e SQTA \u00e9 t\u00e3o f\u00e1cil quanto a instala\u00e7\u00e3o: uma vez que a sensibilidade desejada \u00e9 definida, nenhum ajuste ou ajuste adicional \u00e9 necess\u00e1rio &#8211; os dispositivos s\u00e3o totalmente adaptados automaticamente \u00e0s condi\u00e7\u00f5es existentes de explora\u00e7\u00e3o.<\/p>\n<ol start=\"3\">\n<li>Constru\u00e7\u00e3o<\/li>\n<\/ol>\n<p>O detector de metais consiste em uma sonda e uma unidade de controle. Ambos os componentes s\u00e3o conectados um ao outro com um cabo de conex\u00e3o. A sonda \u00e9 moldada compactamente em uma placa de polietileno s\u00f3lida e fabricada na largura da correia. A montagem em uma correia transportadora \u00e9 r\u00e1pida e f\u00e1cil. As sondas simples e tandem est\u00e3o dispon\u00edveis. Uma \u00fanica sonda de cremalheira \u00e9 instalada sob a correia. Em contraste, uma sonda tandem consiste em duas placas de sonda, uma montada embaixo da correia e a outra acima da correia com espa\u00e7adores. A sonda tandem \u00e9 especialmente recomendada para grandes alturas de descarga ou requisitos de alta sensibilidade. As juntas da sonda em tandem s\u00e3o fabricadas para se adequar \u00e0 altura de descarga. Uma \u00fanica sonda tamb\u00e9m pode ser convertida em uma sonda tandem posteriormente &#8211; a sonda e os dois espa\u00e7adores simplesmente precisam ser reordenados e remontados.<\/p>\n<ol start=\"4\">\n<li>Vantagens<\/li>\n<\/ol>\n<ul>\n<li>Auto equil\u00edbrio<\/li>\n<li>Montagem especialmente f\u00e1cil<\/li>\n<li>A aus\u00eancia de \u00f3xido de ferro ou min\u00e9rio (vers\u00e3o especial),  \u00e9 especialmente importante para produtos de transporte como, por exemplo, magnetita, basalto, hematita e outros materiais que s\u00e3o magnetizados at\u00e9 100%<\/li>\n<li>Indica metais FE e NF<\/li>\n<li>Autocontrole autom\u00e1tico<\/li>\n<li>Pode ser usado junto aos conversores de frequ\u00eancia<\/li>\n<li>A dist\u00e2ncia m\u00ednima do sensor aos motores e \u00edm\u00e3s \u00e9 de apenas 1,5 metros na luz.<\/li>\n<li>Sonda robusta e resistente \u00e0 vibra\u00e7\u00e3o, resistente \u00e0s condi\u00e7\u00f5es clim\u00e1ticas, sujeira e lascas de pedra<\/li>\n<\/ul>\n<p><img loading=\"lazy\" decoding=\"async\" class=\"size-full wp-image-1361 alignleft\" src=\"https:\/\/eabreinhausen.com\/wp-content\/uploads\/3.png\" alt=\"\" width=\"403\" height=\"304\" srcset=\"https:\/\/eabreinhausen.com\/wp-content\/uploads\/3.png 403w, https:\/\/eabreinhausen.com\/wp-content\/uploads\/3-400x302.png 400w, https:\/\/eabreinhausen.com\/wp-content\/uploads\/3-292x220.png 292w\" sizes=\"auto, (max-width: 403px) 100vw, 403px\" \/><\/p>\n<p><img loading=\"lazy\" decoding=\"async\" class=\"size-full wp-image-1364 alignleft\" src=\"https:\/\/eabreinhausen.com\/wp-content\/uploads\/4.png\" alt=\"\" width=\"407\" height=\"306\" srcset=\"https:\/\/eabreinhausen.com\/wp-content\/uploads\/4.png 407w, https:\/\/eabreinhausen.com\/wp-content\/uploads\/4-400x301.png 400w, https:\/\/eabreinhausen.com\/wp-content\/uploads\/4-292x220.png 292w\" sizes=\"auto, (max-width: 407px) 100vw, 407px\" \/><\/p>\n","protected":false},"excerpt":{"rendered":"<p>Informa\u00e7\u00e3o principal As s\u00e9ries SQ (sonda \u00fanica) e SQTA (sonda tandem) de detectores de metal s\u00e3o dispositivos de prote\u00e7\u00e3o e controle. Eles s\u00e3o usados \u200b\u200bsempre onde devem ser indicados corpos estranhos de metais perigosos e alarmantes de pequeno a m\u00e9dio porte (desde porca de a\u00e7o M8) nas mercadorias transportadas. Nossos detectores de metal evitam quebras,&#8230;<\/p>\n","protected":false},"author":6,"featured_media":0,"parent":1477,"menu_order":0,"comment_status":"closed","ping_status":"closed","template":"","meta":{"footnotes":""},"yst_prominent_words":[576,590,505,572,565,571,580,592,578,574,579,591,588,577,573,575,595,594,593,589],"class_list":["post-1493","page","type-page","status-publish","hentry"],"_links":{"self":[{"href":"https:\/\/eabreinhausen.com\/pt-pt\/wp-json\/wp\/v2\/pages\/1493","targetHints":{"allow":["GET"]}}],"collection":[{"href":"https:\/\/eabreinhausen.com\/pt-pt\/wp-json\/wp\/v2\/pages"}],"about":[{"href":"https:\/\/eabreinhausen.com\/pt-pt\/wp-json\/wp\/v2\/types\/page"}],"author":[{"embeddable":true,"href":"https:\/\/eabreinhausen.com\/pt-pt\/wp-json\/wp\/v2\/users\/6"}],"replies":[{"embeddable":true,"href":"https:\/\/eabreinhausen.com\/pt-pt\/wp-json\/wp\/v2\/comments?post=1493"}],"version-history":[{"count":3,"href":"https:\/\/eabreinhausen.com\/pt-pt\/wp-json\/wp\/v2\/pages\/1493\/revisions"}],"predecessor-version":[{"id":1498,"href":"https:\/\/eabreinhausen.com\/pt-pt\/wp-json\/wp\/v2\/pages\/1493\/revisions\/1498"}],"up":[{"embeddable":true,"href":"https:\/\/eabreinhausen.com\/pt-pt\/wp-json\/wp\/v2\/pages\/1477"}],"wp:attachment":[{"href":"https:\/\/eabreinhausen.com\/pt-pt\/wp-json\/wp\/v2\/media?parent=1493"}],"wp:term":[{"taxonomy":"yst_prominent_words","embeddable":true,"href":"https:\/\/eabreinhausen.com\/pt-pt\/wp-json\/wp\/v2\/yst_prominent_words?post=1493"}],"curies":[{"name":"wp","href":"https:\/\/api.w.org\/{rel}","templated":true}]}}