{"id":1504,"date":"2020-11-23T07:39:50","date_gmt":"2020-11-23T06:39:50","guid":{"rendered":"https:\/\/eabreinhausen.com\/?page_id=1504"},"modified":"2023-11-24T08:17:21","modified_gmt":"2023-11-24T07:17:21","slug":"industrias","status":"publish","type":"page","link":"https:\/\/eabreinhausen.com\/pt-pt\/industrias\/","title":{"rendered":"Industrias"},"content":{"rendered":"<div class=\"row \"><div class=\"wpv-grid grid-1-1 equal-height wpv-first-level first unextended\" style=\"padding-top:0px;padding-bottom:0px\" id=\"wpv-column-304f16aa15450d39ded003b7d01cf9ec\" ><div class=\"row \"><div class=\"wpv-grid grid-2-5 panel-1 first has-background unextended\" style=\"\n\t\t\t\tbackground: url( 'https:\/\/eabreinhausen.com\/wp-content\/uploads\/roter-hintergrund.jpg' )  ;\n\t\t\t\tbackground-size: auto;\n\t\t\t\tbackground-attachment: ;\n\t\t\tpadding-top:0px;padding-bottom:0px\" id=\"wpv-column-e74ad070d148306685f32d512547a52a\" ><div class=\"row \"><div class=\"wpv-grid grid-1-1  first unextended\" style=\"padding-top:0px;padding-bottom:0px\" id=\"wpv-column-27a5a7527ae27d3710ffd7763096847b\" >\t\t<h2 class=\"text-divider-double\">\t\t\tDetectores de metais para minera\u00e7\u00e3o e processamento de carv\u00e3o\t\t<\/h2>\t\t<div class=\"sep\"><\/div>\t<p>A minera\u00e7\u00e3o e o processamento de carv\u00e3o requerem um enorme esfor\u00e7o t\u00e9cnico, enquanto o trabalho est\u00e1 em andamento para reparar e atualizar v\u00e1rios equipamentos. O impacto de todos os tipos de objetos de metal pode causar enormes danos a todo o sistema t\u00e9cnico. Nossos dispositivos fornecem reconhecimento a tempo de objetos de metal intrusivos e sinalizam isso de qualquer forma.<\/p>\n<p>Temos muitos clientes alem\u00e3es e estrangeiros nesta ind\u00fastria, incluindo a conhecida empresa alem\u00e3 RWE Group.<\/p>\n<p>Os seguintes dispositivos podem ser usados \u200b\u200bdependendo dos requisitos:<\/p>\n<ul>\n<li>UDLC-Q (TA)<\/li>\n<li><span style=\"color: #ffffff;\"><a style=\"color: #ffffff;\" href=\"https:\/\/eabreinhausen.com\/ru\/produkty\/sq-sqta\/\">SQ (TA)<\/a><\/span><\/li>\n<li><span style=\"color: #ffffff;\"><a style=\"color: #ffffff;\" href=\"https:\/\/eabreinhausen.com\/ru\/produkty\/sc-scta\/\">SC (TA)<\/a><\/span><\/li>\n<li><span style=\"color: #ffffff;\"><a style=\"color: #ffffff;\" href=\"https:\/\/eabreinhausen.com\/ru\/produkty\/psq-ra\/\">PSQ RA<\/a><\/span><\/li>\n<\/ul><\/div><\/div><\/div>\n<div class=\"wpv-grid grid-3-5 panel-2 unextended\" style=\"padding-top:0px;padding-bottom:0px\" id=\"use-1\" ><p><img loading=\"lazy\" decoding=\"async\" class=\"alignnone wp-image-2225 size-full\" src=\"https:\/\/eabreinhausen.com\/wp-content\/uploads\/kohlefoerderung-2.jpg\" alt=\"\" width=\"715\" height=\"576\" srcset=\"https:\/\/eabreinhausen.com\/wp-content\/uploads\/kohlefoerderung-2.jpg 715w, https:\/\/eabreinhausen.com\/wp-content\/uploads\/kohlefoerderung-2-615x495.jpg 615w, https:\/\/eabreinhausen.com\/wp-content\/uploads\/kohlefoerderung-2-400x322.jpg 400w, https:\/\/eabreinhausen.com\/wp-content\/uploads\/kohlefoerderung-2-292x235.jpg 292w\" sizes=\"auto, (max-width: 715px) 100vw, 715px\" \/><\/div><\/div><\/div><\/div>\n<div class=\"row \"><div class=\"wpv-grid grid-1-1 divider-mobil wpv-first-level first unextended\" style=\"padding-top:0px;padding-bottom:0px\" id=\"wpv-column-4add2c5deffcce2449016a40bc27f03d\" ><div class=\"sep\"><\/div><\/div><\/div>\n<div class=\"row \"><div class=\"wpv-grid grid-1-1 equal-height wpv-first-level first unextended\" style=\"padding-top:0px;padding-bottom:0px\" id=\"wpv-column-6f324e893d6813d301afc68374de6858\" ><div class=\"row \"><div class=\"wpv-grid grid-2-5 panel-1 first has-background unextended\" style=\"\n\t\t\t\tbackground: url( 'https:\/\/eabreinhausen.com\/wp-content\/uploads\/roter-hintergrund.jpg' )  ;\n\t\t\t\tbackground-size: auto;\n\t\t\t\tbackground-attachment: ;\n\t\t\tpadding-top:0px;padding-bottom:0px\" id=\"wpv-column-39560f28669b25fccedb7d770e134dd0\" ><div class=\"row \"><div class=\"wpv-grid grid-1-1  first unextended\" style=\"padding-top:0px;padding-bottom:0px\" id=\"wpv-column-103b8f67524691685b905c5cf10d0fc7\" >\t\t<h2 class=\"text-divider-double\">\t\t\tDetectores de metal na produ\u00e7\u00e3o de materiais de constru\u00e7\u00e3o\t\t<\/h2>\t\t<div class=\"sep\"><\/div>\t<p>F\u00e1bricas de pedra britada, f\u00e1bricas de tijolos e pedreiras utilizam nossos servi\u00e7os h\u00e1 muito tempo. Nossos dispositivos s\u00e3o particularmente ben\u00e9ficos devido \u00e0 sua facilidade de uso, confiabilidade e amplo suporte t\u00e9cnico.<\/p>\n<p>Os seguintes dispositivos podem ser usados \u200b\u200bdependendo dos requisitos:<\/p>\n<ul>\n<li>UDLC-Q (TA)<\/li>\n<li><span style=\"color: #ffffff;\"><a style=\"color: #ffffff;\" href=\"https:\/\/eabreinhausen.com\/ru\/produkty\/sq-sqta\/\">SQ (TA)<\/a><\/span><\/li>\n<li><span style=\"color: #ffffff;\"><a style=\"color: #ffffff;\" href=\"https:\/\/eabreinhausen.com\/ru\/produkty\/psq-ra\/\">PSQ RA<\/a><\/span><\/li>\n<\/ul><\/div><\/div><\/div>\n<div class=\"wpv-grid grid-3-5 panel-2 unextended\" style=\"padding-top:0px;padding-bottom:0px\" id=\"wpv-column-37fca85da7cc8025ebf33d3b189160c5\" ><p><img loading=\"lazy\" decoding=\"async\" class=\"aligncenter size-full wp-image-225\" src=\"https:\/\/eabreinhausen.com\/wp-content\/uploads\/steine.jpg\" alt=\"\" width=\"800\" height=\"534\" srcset=\"https:\/\/eabreinhausen.com\/wp-content\/uploads\/steine.jpg 800w, https:\/\/eabreinhausen.com\/wp-content\/uploads\/steine-300x200.jpg 300w, https:\/\/eabreinhausen.com\/wp-content\/uploads\/steine-768x513.jpg 768w, https:\/\/eabreinhausen.com\/wp-content\/uploads\/steine-615x410.jpg 615w, https:\/\/eabreinhausen.com\/wp-content\/uploads\/steine-400x266.jpg 400w, https:\/\/eabreinhausen.com\/wp-content\/uploads\/steine-292x195.jpg 292w\" sizes=\"auto, (max-width: 800px) 100vw, 800px\" \/><\/div><\/div><\/div><\/div>\n<div class=\"row \"><div class=\"wpv-grid grid-1-1 divider-mobil wpv-first-level first unextended\" style=\"padding-top:0px;padding-bottom:0px\" id=\"wpv-column-90e8271a969090446b2bf4104a83c790\" ><div class=\"sep\"><\/div><\/div><\/div>\n<div class=\"row \"><div class=\"wpv-grid grid-1-1 equal-height wpv-first-level first unextended\" style=\"padding-top:0px;padding-bottom:0px\" id=\"wpv-column-afa6436052560e8c2a86217fe1c04000\" ><div class=\"row \"><div class=\"wpv-grid grid-2-5 panel-1 first has-background unextended\" style=\"\n\t\t\t\tbackground: url( 'https:\/\/eabreinhausen.com\/wp-content\/uploads\/roter-hintergrund.jpg' )  ;\n\t\t\t\tbackground-size: auto;\n\t\t\t\tbackground-attachment: ;\n\t\t\tpadding-top:0px;padding-bottom:0px\" id=\"wpv-column-dfdde4c26cb1027d6b6f8163955ec23e\" ><div class=\"row \"><div class=\"wpv-grid grid-1-1  first unextended\" style=\"padding-top:0px;padding-bottom:0px\" id=\"wpv-column-3ed4d3ee779b04091cbdd189044599da\" >\t\t<h2 class=\"text-divider-double\">\t\t\tDetectores de metal para a industria de minera\u00e7\u00e3o e s extra\u00e7\u00e3o de carv\u00e3o\t\t<\/h2>\t\t<div class=\"sep\"><\/div>\t<p>Muitos de nossos dispositivos s\u00e3o usados \u200b\u200bnesta ind\u00fastria porque o efeito da magnetita pode ser completamente suprimido e nossos produtos podem durar d\u00e9cadas em condi\u00e7\u00f5es extremamente dif\u00edceis.<\/p>\n<p>Os seguintes dispositivos podem ser usados \u200b\u200bdependendo dos requisitos:<\/p>\n<ul>\n<li>UDLC-Q (TA) \/ FT<\/li>\n<li><span style=\"color: #ffffff;\"><a style=\"color: #ffffff;\" href=\"https:\/\/eabreinhausen.com\/ru\/produkty\/sq-sqta\/\">SQ (TA) \/ FT<\/a><\/span><\/li>\n<li><span style=\"color: #ffffff;\"><a style=\"color: #ffffff;\" href=\"https:\/\/eabreinhausen.com\/ru\/produkty\/psq-ra\/\">PSQ RA<\/a><\/span><\/li>\n<\/ul><\/div><\/div><\/div>\n<div class=\"wpv-grid grid-3-5 panel-2 unextended\" style=\"padding-top:0px;padding-bottom:0px\" id=\"wpv-column-f314a37c8b7ec836f3b1cb723809bea1\" ><p><img loading=\"lazy\" decoding=\"async\" class=\"aligncenter size-large wp-image-228\" src=\"https:\/\/eabreinhausen.com\/wp-content\/uploads\/\/bergbau-1024x682.jpg\" alt=\"\" width=\"1024\" height=\"682\" srcset=\"https:\/\/eabreinhausen.com\/wp-content\/uploads\/bergbau-1024x682.jpg 1024w, https:\/\/eabreinhausen.com\/wp-content\/uploads\/bergbau-300x200.jpg 300w, https:\/\/eabreinhausen.com\/wp-content\/uploads\/bergbau-768x512.jpg 768w, https:\/\/eabreinhausen.com\/wp-content\/uploads\/bergbau-615x410.jpg 615w, https:\/\/eabreinhausen.com\/wp-content\/uploads\/bergbau-400x266.jpg 400w, https:\/\/eabreinhausen.com\/wp-content\/uploads\/bergbau-292x195.jpg 292w, https:\/\/eabreinhausen.com\/wp-content\/uploads\/bergbau.jpg 1100w\" sizes=\"auto, (max-width: 1024px) 100vw, 1024px\" \/><\/div><\/div><\/div><\/div>\n<div class=\"row \"><div class=\"wpv-grid grid-1-1 divider-mobil wpv-first-level first unextended\" style=\"padding-top:0px;padding-bottom:0px\" id=\"wpv-column-5d576e1920ca5e9d5d04f75a9285eeb0\" ><div class=\"sep\"><\/div><\/div><\/div>\n<div class=\"row \"><div class=\"wpv-grid grid-1-1 equal-height wpv-first-level first unextended\" style=\"padding-top:0px;padding-bottom:0px\" id=\"wpv-column-b237006f4783f4d144a68ba0bbd534c5\" ><div class=\"row \"><div class=\"wpv-grid grid-2-5 panel-1 first has-background unextended\" style=\"\n\t\t\t\tbackground: url( 'https:\/\/eabreinhausen.com\/wp-content\/uploads\/roter-hintergrund.jpg' )  ;\n\t\t\t\tbackground-size: auto;\n\t\t\t\tbackground-attachment: ;\n\t\t\tpadding-top:0px;padding-bottom:0px\" id=\"wpv-column-88b57496822f14f0257f03e29ce0a561\" ><div class=\"row \"><div class=\"wpv-grid grid-1-1  first unextended\" style=\"padding-top:0px;padding-bottom:0px\" id=\"wpv-column-d936a44c625a30639087fe4144199b46\" >\t\t<h2 class=\"text-divider-double\">\t\t\tDetectores de metais para processamento de res\u00edduos\t\t<\/h2>\t\t<div class=\"sep\"><\/div>\t<p>A ind\u00fastria de reciclagem de lixo est\u00e1 se expandindo rapidamente e requer detec\u00e7\u00e3o de metais precisa e de alta qualidade. Podemos oferecer as seguintes op\u00e7\u00f5es:<\/p>\n<p>Para detectar todos os materiais magnetiz\u00e1veis \u200b\u200be condutores at\u00e9 uma altura de camada de 1 m:<\/p>\n<ul>\n<li><span style=\"color: #ffffff;\"><a style=\"color: #ffffff;\" href=\"https:\/\/eabreinhausen.com\/ru\/produkty\/psq-ra\/\">PSQ RA<\/a><\/span><\/li>\n<li><span style=\"color: #ffffff;\"><a style=\"color: #ffffff;\" href=\"https:\/\/eabreinhausen.com\/ru\/produkty\/sq-sqta\/\">SQ (TA)<\/a><\/span><\/li>\n<li><span style=\"color: #ffffff;\"><a style=\"color: #ffffff;\" href=\"https:\/\/eabreinhausen.com\/ru\/produkty\/sc-scta\/\">SC (TA)<\/a><\/span><\/li>\n<\/ul>\n<p>Para detectar materiais exclusivamente magnetiz\u00e1veis \u200b\u200bem um meio condutor:<\/p>\n<ul>\n<li>HMG 2S<\/li>\n<\/ul><\/div><\/div><\/div>\n<div class=\"wpv-grid grid-3-5 panel-2 unextended\" style=\"padding-top:0px;padding-bottom:0px\" id=\"wpv-column-b7114aaae56c3f0eaad118944d578ce7\" ><p><img loading=\"lazy\" decoding=\"async\" class=\"aligncenter size-large wp-image-660\" title=\"\" src=\"https:\/\/eabreinhausen.com\/wp-content\/uploads\/\/Recycling_Bild-1024x768.jpg\" alt=\"\" width=\"1024\" height=\"768\" srcset=\"https:\/\/eabreinhausen.com\/wp-content\/uploads\/Recycling_Bild.jpg 1024w, https:\/\/eabreinhausen.com\/wp-content\/uploads\/Recycling_Bild-300x225.jpg 300w, https:\/\/eabreinhausen.com\/wp-content\/uploads\/Recycling_Bild-768x576.jpg 768w, https:\/\/eabreinhausen.com\/wp-content\/uploads\/Recycling_Bild-615x461.jpg 615w, https:\/\/eabreinhausen.com\/wp-content\/uploads\/Recycling_Bild-400x300.jpg 400w, https:\/\/eabreinhausen.com\/wp-content\/uploads\/Recycling_Bild-292x219.jpg 292w\" sizes=\"auto, (max-width: 1024px) 100vw, 1024px\" \/><\/div><\/div><\/div><\/div>\n","protected":false},"excerpt":{"rendered":"<p>A minera\u00e7\u00e3o e o processamento de carv\u00e3o requerem um enorme esfor\u00e7o t\u00e9cnico, enquanto o trabalho est\u00e1 em andamento para reparar e atualizar v\u00e1rios equipamentos. O impacto de todos os tipos de objetos de metal pode causar enormes danos a todo o sistema t\u00e9cnico. Nossos dispositivos fornecem reconhecimento a tempo de objetos de metal intrusivos e&#8230;<\/p>\n","protected":false},"author":6,"featured_media":0,"parent":0,"menu_order":35,"comment_status":"closed","ping_status":"closed","template":"","meta":{"footnotes":""},"yst_prominent_words":[637,667,668,663,657,652,661,655,650,664,658,653,662,656,651,665,659,654,666,660],"class_list":["post-1504","page","type-page","status-publish","hentry"],"_links":{"self":[{"href":"https:\/\/eabreinhausen.com\/pt-pt\/wp-json\/wp\/v2\/pages\/1504","targetHints":{"allow":["GET"]}}],"collection":[{"href":"https:\/\/eabreinhausen.com\/pt-pt\/wp-json\/wp\/v2\/pages"}],"about":[{"href":"https:\/\/eabreinhausen.com\/pt-pt\/wp-json\/wp\/v2\/types\/page"}],"author":[{"embeddable":true,"href":"https:\/\/eabreinhausen.com\/pt-pt\/wp-json\/wp\/v2\/users\/6"}],"replies":[{"embeddable":true,"href":"https:\/\/eabreinhausen.com\/pt-pt\/wp-json\/wp\/v2\/comments?post=1504"}],"version-history":[{"count":7,"href":"https:\/\/eabreinhausen.com\/pt-pt\/wp-json\/wp\/v2\/pages\/1504\/revisions"}],"predecessor-version":[{"id":3234,"href":"https:\/\/eabreinhausen.com\/pt-pt\/wp-json\/wp\/v2\/pages\/1504\/revisions\/3234"}],"wp:attachment":[{"href":"https:\/\/eabreinhausen.com\/pt-pt\/wp-json\/wp\/v2\/media?parent=1504"}],"wp:term":[{"taxonomy":"yst_prominent_words","embeddable":true,"href":"https:\/\/eabreinhausen.com\/pt-pt\/wp-json\/wp\/v2\/yst_prominent_words?post=1504"}],"curies":[{"name":"wp","href":"https:\/\/api.w.org\/{rel}","templated":true}]}}