{"id":1515,"date":"2020-11-23T07:39:53","date_gmt":"2020-11-23T06:39:53","guid":{"rendered":"https:\/\/eabreinhausen.com\/?page_id=1515"},"modified":"2020-12-22T09:12:26","modified_gmt":"2020-12-22T08:12:26","slug":"sobre-nos","status":"publish","type":"page","link":"https:\/\/eabreinhausen.com\/pt-pt\/sobre-nos\/","title":{"rendered":"Sobre n\u00f3s"},"content":{"rendered":"<h2>Sobre a EAB Reinhausen GmbH<\/h2>\n<p>Nossos clientes apreciam a supress\u00e3o dos v\u00e1rios efeitos materiais que desenvolvemos, porque o transporte de materiais especiais \u00e9 poss\u00edvel sem qualquer mau funcionamento.<\/p>\n<p>Somos uma empresa alem\u00e3 que fabrica detectores de metais para uso universal em pequenas ind\u00fastrias. O conhecimento adquirido ao longo de 40 anos, a maior preocupa\u00e7\u00e3o com a produ\u00e7\u00e3o, o entusiasmo por problemas novos e n\u00e3o resolvidos &#8211; \u00e9 o que atrai empresas de todo o mundo a utilizar os nossos servi\u00e7os.<\/p>\n<p>Entre outras coisas, lidamos com a elimina\u00e7\u00e3o de v\u00e1rios efeitos materiais que s\u00e3o necess\u00e1rios na minera\u00e7\u00e3o de materiais muito espec\u00edficos.<\/p>\n<h2>Din\u00e2mico e aberto &#8211; seu parceiro com o futuro<\/h2>\n<p>A abertura ao novo reflete-se na din\u00e2mica da nossa Empresa, que se caracteriza pela utiliza\u00e7\u00e3o de tecnologias modernas e qualidade de desempenho. Al\u00e9m disso, podemos fornecer desenhos de instala\u00e7\u00e3o conforme necess\u00e1rio para garantir a instala\u00e7\u00e3o correta de nossos detectores de metal.<\/p>\n<h2>Onde j\u00e1 estamos<\/h2>\n<p>A EAB Reinhausen GmbH coopera ativamente com empresas em todo o mundo na \u00e1rea de processamento de carv\u00e3o, pedra e min\u00e9rio de ferro, minera\u00e7\u00e3o e processamento de res\u00edduos.<\/p>\n<p>Os maiores mercados de vendas incluem Europa, EUA e Am\u00e9rica do Sul.<\/p>\n<h2>\u0421Rede forte e confi\u00e1vel<\/h2>\n<p>A EAB Reinhausen GmbH conta com empresas especializadas da regi\u00e3o para a aquisi\u00e7\u00e3o de materiais.<\/p>\n<p>Isso leva a melhores economias regionais e neutraliza atrasos repentinos no fornecimento ou at\u00e9 mesmo algum outro problema.<\/p>\n<p>Assim, no passado, fomos capazes de lidar com grandes volumes de pedidos com flexibilidade e instalar produtos com nossos clientes no prazo.<\/p>\n<h2>Qualidade que compensa<\/h2>\n<p>A EAB Reinhausen GmbH tamb\u00e9m \u00e9 conhecida por seu controle de qualidade abrangente, que detecta erros de fabrica\u00e7\u00e3o durante a opera\u00e7\u00e3o de teste, por isso sempre fornecemos ao cliente um produto perfeito.<\/p>\n<p>Al\u00e9m disso, usamos apenas componentes de alta qualidade e confi\u00e1veis, tanto el\u00e9tricos quanto mec\u00e2nicos, o que nos permite operar nossos dispositivos por mais de 20 anos.<\/p>\n","protected":false},"excerpt":{"rendered":"<p>Sobre a EAB Reinhausen GmbH Nossos clientes apreciam a supress\u00e3o dos v\u00e1rios efeitos materiais que desenvolvemos, porque o transporte de materiais especiais \u00e9 poss\u00edvel sem qualquer mau funcionamento. Somos uma empresa alem\u00e3 que fabrica detectores de metais para uso universal em pequenas ind\u00fastrias. O conhecimento adquirido ao longo de 40 anos, a maior preocupa\u00e7\u00e3o com&#8230;<\/p>\n","protected":false},"author":6,"featured_media":0,"parent":0,"menu_order":40,"comment_status":"closed","ping_status":"closed","template":"","meta":{"footnotes":""},"yst_prominent_words":[688,685,681,504,61,60,679,677,680,686,684,687,642,518,62,683,682,678,676,675],"class_list":["post-1515","page","type-page","status-publish","hentry"],"_links":{"self":[{"href":"https:\/\/eabreinhausen.com\/pt-pt\/wp-json\/wp\/v2\/pages\/1515","targetHints":{"allow":["GET"]}}],"collection":[{"href":"https:\/\/eabreinhausen.com\/pt-pt\/wp-json\/wp\/v2\/pages"}],"about":[{"href":"https:\/\/eabreinhausen.com\/pt-pt\/wp-json\/wp\/v2\/types\/page"}],"author":[{"embeddable":true,"href":"https:\/\/eabreinhausen.com\/pt-pt\/wp-json\/wp\/v2\/users\/6"}],"replies":[{"embeddable":true,"href":"https:\/\/eabreinhausen.com\/pt-pt\/wp-json\/wp\/v2\/comments?post=1515"}],"version-history":[{"count":2,"href":"https:\/\/eabreinhausen.com\/pt-pt\/wp-json\/wp\/v2\/pages\/1515\/revisions"}],"predecessor-version":[{"id":1517,"href":"https:\/\/eabreinhausen.com\/pt-pt\/wp-json\/wp\/v2\/pages\/1515\/revisions\/1517"}],"wp:attachment":[{"href":"https:\/\/eabreinhausen.com\/pt-pt\/wp-json\/wp\/v2\/media?parent=1515"}],"wp:term":[{"taxonomy":"yst_prominent_words","embeddable":true,"href":"https:\/\/eabreinhausen.com\/pt-pt\/wp-json\/wp\/v2\/yst_prominent_words?post=1515"}],"curies":[{"name":"wp","href":"https:\/\/api.w.org\/{rel}","templated":true}]}}